{"id":1079,"date":"2025-11-20T17:30:10","date_gmt":"2025-11-20T15:30:10","guid":{"rendered":"https:\/\/grandtour.art\/art-for-arts-sake\/"},"modified":"2025-12-22T17:45:07","modified_gmt":"2025-12-22T15:45:07","slug":"art-for-arts-sake","status":"publish","type":"page","link":"https:\/\/grandtour.art\/fr\/art-for-arts-sake\/","title":{"rendered":"L&rsquo;art pour l&rsquo;art"},"content":{"rendered":"<div class=\"fusion-fullwidth fullwidth-box fusion-builder-row-1 fusion-flex-container has-pattern-background has-mask-background nonhundred-percent-fullwidth non-hundred-percent-height-scrolling\" style=\"--awb-border-radius-top-left:0px;--awb-border-radius-top-right:0px;--awb-border-radius-bottom-right:0px;--awb-border-radius-bottom-left:0px;--awb-flex-wrap:wrap;\" ><div class=\"fusion-builder-row fusion-row fusion-flex-align-items-flex-start fusion-flex-content-wrap\" style=\"max-width:1248px;margin-left: calc(-4% \/ 2 );margin-right: calc(-4% \/ 2 );\"><div class=\"fusion-layout-column fusion_builder_column fusion-builder-column-0 fusion_builder_column_1_1 1_1 fusion-flex-column\" style=\"--awb-padding-top:80px;--awb-padding-top-small:120px;--awb-padding-right-small:15px;--awb-bg-size:cover;--awb-width-large:100%;--awb-margin-top-large:0px;--awb-spacing-right-large:1.92%;--awb-margin-bottom-large:70px;--awb-spacing-left-large:1.92%;--awb-width-medium:100%;--awb-order-medium:0;--awb-spacing-right-medium:1.92%;--awb-spacing-left-medium:1.92%;--awb-width-small:100%;--awb-order-small:0;--awb-spacing-right-small:1.92%;--awb-spacing-left-small:1.92%;\"><div class=\"fusion-column-wrapper fusion-column-has-shadow fusion-flex-justify-content-flex-start fusion-content-layout-column\"><div class=\"fusion-text fusion-text-1 fusion-text-no-margin\" style=\"--awb-content-alignment:left;--awb-font-size:20px;--awb-letter-spacing:0.3px;--awb-margin-bottom:20px;--awb-text-font-family:&quot;akzidenz grotesk&quot;;--awb-text-font-style:normal;--awb-text-font-weight:400;\"><p class=\"p1\">20.11.25 &#8211; 28.11.25<\/p>\n<\/div><div class=\"fusion-title title fusion-title-1 fusion-sep-none fusion-title-text fusion-title-size-one\" style=\"--awb-margin-top-small:10px;--awb-margin-right-small:0px;--awb-margin-bottom-small:10px;--awb-margin-left-small:0px;--awb-font-size:20px;\"><h1 class=\"fusion-title-heading title-heading-left fusion-responsive-typography-calculated\" style=\"font-family:&quot;akzidenz grotesk&quot;;font-style:normal;font-weight:400;margin:0;letter-spacing:0.3px;font-size:1em;--fontSize:20;line-height:var(--awb-typography1-line-height);\">L&rsquo;art pour l&rsquo;art<\/h1><\/div><div class=\"fusion-text fusion-text-2 fusion-text-no-margin\" style=\"--awb-font-size:20px;--awb-letter-spacing:0px;--awb-margin-bottom:20px;--awb-text-font-family:&quot;akzidenz grotesk&quot;;--awb-text-font-style:normal;--awb-text-font-weight:400;\"><p>De Platon aux penseurs des Lumi\u00e8res, l&rsquo;art s&rsquo;est interrog\u00e9 sur la nature de la v\u00e9rit\u00e9 : r\u00e9side-t-elle dans ce que nous voyons ou dans la mani\u00e8re dont nous voyons ? Avec Art for Art&rsquo;s Sake, cette r\u00e9flexion prend une nouvelle forme, \u00e0 travers une sensibilit\u00e9 fa\u00e7onn\u00e9e par notre \u00e9poque, o\u00f9 forme et \u00e9motion, solitude et connexion coexistent dans un m\u00eame souffle.<\/p>\n<\/div><div class=\"fusion-image-element \" style=\"--awb-margin-top:0px;--awb-margin-bottom:40px;--awb-max-width:700px;--awb-caption-title-font-family:var(--h2_typography-font-family);--awb-caption-title-font-weight:var(--h2_typography-font-weight);--awb-caption-title-font-style:var(--h2_typography-font-style);--awb-caption-title-size:var(--h2_typography-font-size);--awb-caption-title-transform:var(--h2_typography-text-transform);--awb-caption-title-line-height:var(--h2_typography-line-height);--awb-caption-title-letter-spacing:var(--h2_typography-letter-spacing);\"><span class=\" fusion-imageframe imageframe-none imageframe-1 hover-type-none\"><img decoding=\"async\" width=\"2000\" height=\"1735\" title=\"Prototype Arc n\u00b01 (bas-relief), 2023\" src=\"https:\/\/grandtour.art\/wp-content\/uploads\/2025\/11\/Prototype-Arc-n\u00b01-bas-relief-2023.jpeg\" data-orig-src=\"https:\/\/grandtour.art\/wp-content\/uploads\/2025\/11\/Prototype-Arc-n\u00b01-bas-relief-2023.jpeg\" alt class=\"lazyload img-responsive wp-image-1076\" srcset=\"data:image\/svg+xml,%3Csvg%20xmlns%3D%27http%3A%2F%2Fwww.w3.org%2F2000%2Fsvg%27%20width%3D%272000%27%20height%3D%271735%27%20viewBox%3D%270%200%202000%201735%27%3E%3Crect%20width%3D%272000%27%20height%3D%271735%27%20fill-opacity%3D%220%22%2F%3E%3C%2Fsvg%3E\" data-srcset=\"https:\/\/grandtour.art\/wp-content\/uploads\/2025\/11\/Prototype-Arc-n\u00b01-bas-relief-2023-200x174.jpeg 200w, https:\/\/grandtour.art\/wp-content\/uploads\/2025\/11\/Prototype-Arc-n\u00b01-bas-relief-2023-400x347.jpeg 400w, https:\/\/grandtour.art\/wp-content\/uploads\/2025\/11\/Prototype-Arc-n\u00b01-bas-relief-2023-600x521.jpeg 600w, https:\/\/grandtour.art\/wp-content\/uploads\/2025\/11\/Prototype-Arc-n\u00b01-bas-relief-2023-800x694.jpeg 800w, https:\/\/grandtour.art\/wp-content\/uploads\/2025\/11\/Prototype-Arc-n\u00b01-bas-relief-2023-1200x1041.jpeg 1200w, https:\/\/grandtour.art\/wp-content\/uploads\/2025\/11\/Prototype-Arc-n\u00b01-bas-relief-2023.jpeg 2000w\" data-sizes=\"auto\" data-orig-sizes=\"(max-width: 640px) 100vw, 1200px\" \/><\/span><\/div><div class=\"fusion-text fusion-text-3 fusion-text-no-margin\" style=\"--awb-font-size:20px;--awb-letter-spacing:0.3px;--awb-margin-right:40px;--awb-margin-bottom:20px;--awb-text-font-family:&quot;akzidenz grotesk&quot;;--awb-text-font-style:normal;--awb-text-font-weight:400;\"><p>Pr\u00e9sent\u00e9e au Grand Tour, Art for Art\u2019s Sake n&rsquo;est pas seulement une exposition, mais une conversation vivante : un retour \u00e0 la pr\u00e9sence, o\u00f9 la beaut\u00e9 devient exp\u00e9rience et l&rsquo;art devient un portail vers la conscience.<\/p>\n<p>Organis\u00e9e par Manon Canto (Grand Tour), Sarah Heitzmann (SH+1 &amp; LUXE.NET), Kerrin Smith (Cool And Thoughtful Magazine), Julien Cadet, Romero Paprocki Gallery et Strouk Gallery, le projet rassemble des artistes et des penseurs qui partagent une m\u00eame conviction : que l&rsquo;art, lib\u00e9r\u00e9 du spectacle, conserve encore le pouvoir discret de nous \u00e9mouvoir, non pas par ce qu&rsquo;il d\u00e9clare, mais par ce qu&rsquo;il nous fait ressentir.<\/p>\n<p>Les \u0153uvres d&rsquo;art deviennent des pr\u00e9sences plut\u00f4t que des objets, des t\u00e9moins discrets d&rsquo;une vibration int\u00e9rieure. Les g\u00e9om\u00e9tries fragiles de Ka\u00ef Chun Chang oscillent entre ordre et disparition. Vincent Beaurin transforme la couleur en rayonnement, en champ de pure perception. Jordy Kerwick fait le pont entre l&rsquo;instinctif et la tendresse ; Ces McCully tisse l&rsquo;abstraction avec la m\u00e9moire et le d\u00e9sir ; Humberto Poblete transforme le geste en mati\u00e8re, et la mati\u00e8re en \u00e9motion. Chaque \u0153uvre devient un seuil, une invitation \u00e0 voir et \u00e0 ressentir diff\u00e9remment.<\/p>\n<\/div><div class=\"fusion-image-element \" style=\"--awb-margin-top:0px;--awb-margin-bottom:40px;--awb-max-width:400px;--awb-caption-title-font-family:var(--h2_typography-font-family);--awb-caption-title-font-weight:var(--h2_typography-font-weight);--awb-caption-title-font-style:var(--h2_typography-font-style);--awb-caption-title-size:var(--h2_typography-font-size);--awb-caption-title-transform:var(--h2_typography-text-transform);--awb-caption-title-line-height:var(--h2_typography-line-height);--awb-caption-title-letter-spacing:var(--h2_typography-letter-spacing);\"><span class=\" fusion-imageframe imageframe-none imageframe-2 hover-type-none\"><img decoding=\"async\" width=\"1600\" height=\"1600\" title=\"web-Ocelle9-VB_2023_0225_IMG_0241\" src=\"https:\/\/grandtour.art\/wp-content\/uploads\/2025\/11\/web-Ocelle9-VB_2023_0225_IMG_0241.jpg\" data-orig-src=\"https:\/\/grandtour.art\/wp-content\/uploads\/2025\/11\/web-Ocelle9-VB_2023_0225_IMG_0241.jpg\" alt class=\"lazyload img-responsive wp-image-1074\" srcset=\"data:image\/svg+xml,%3Csvg%20xmlns%3D%27http%3A%2F%2Fwww.w3.org%2F2000%2Fsvg%27%20width%3D%271600%27%20height%3D%271600%27%20viewBox%3D%270%200%201600%201600%27%3E%3Crect%20width%3D%271600%27%20height%3D%271600%27%20fill-opacity%3D%220%22%2F%3E%3C%2Fsvg%3E\" data-srcset=\"https:\/\/grandtour.art\/wp-content\/uploads\/2025\/11\/web-Ocelle9-VB_2023_0225_IMG_0241-200x200.jpg 200w, https:\/\/grandtour.art\/wp-content\/uploads\/2025\/11\/web-Ocelle9-VB_2023_0225_IMG_0241-400x400.jpg 400w, https:\/\/grandtour.art\/wp-content\/uploads\/2025\/11\/web-Ocelle9-VB_2023_0225_IMG_0241-600x600.jpg 600w, https:\/\/grandtour.art\/wp-content\/uploads\/2025\/11\/web-Ocelle9-VB_2023_0225_IMG_0241-800x800.jpg 800w, https:\/\/grandtour.art\/wp-content\/uploads\/2025\/11\/web-Ocelle9-VB_2023_0225_IMG_0241-1200x1200.jpg 1200w, https:\/\/grandtour.art\/wp-content\/uploads\/2025\/11\/web-Ocelle9-VB_2023_0225_IMG_0241.jpg 1600w\" data-sizes=\"auto\" data-orig-sizes=\"(max-width: 640px) 100vw, 1200px\" \/><\/span><\/div><div class=\"fusion-text fusion-text-4\" style=\"--awb-font-size:20px;--awb-letter-spacing:0.3px;--awb-margin-right:40PX;--awb-text-font-family:&quot;akzidenz grotesk&quot;;--awb-text-font-style:normal;--awb-text-font-weight:400;\"><p>\u00ab Ce projet n&rsquo;est pas une d\u00e9claration, mais une vibration \u2014 un espace o\u00f9 l&rsquo;art existe pour lui-m\u00eame et pour le battement qu&rsquo;il \u00e9veille en nous. \u00bb<br \/>\u2014 Manon Canto<\/p>\n<\/div><\/div><\/div><\/div><\/div>\n","protected":false},"excerpt":{"rendered":"","protected":false},"author":1,"featured_media":0,"parent":0,"menu_order":0,"comment_status":"closed","ping_status":"closed","template":"100-width.php","meta":{"footnotes":""},"class_list":["post-1079","page","type-page","status-publish","hentry"],"yoast_head":"<!-- This site is optimized with the Yoast SEO plugin v27.6 - https:\/\/yoast.com\/product\/yoast-seo-wordpress\/ -->\n<title>L&#039;art pour l&#039;art - GrandTour<\/title>\n<meta name=\"robots\" content=\"index, follow, max-snippet:-1, max-image-preview:large, max-video-preview:-1\" \/>\n<link rel=\"canonical\" href=\"https:\/\/grandtour.art\/fr\/art-for-arts-sake\/\" \/>\n<meta property=\"og:locale\" content=\"fr_FR\" \/>\n<meta property=\"og:type\" content=\"article\" \/>\n<meta property=\"og:title\" content=\"L&#039;art pour l&#039;art - GrandTour\" \/>\n<meta property=\"og:url\" content=\"https:\/\/grandtour.art\/fr\/art-for-arts-sake\/\" \/>\n<meta property=\"og:site_name\" content=\"GrandTour\" \/>\n<meta property=\"article:modified_time\" content=\"2025-12-22T15:45:07+00:00\" \/>\n<meta name=\"twitter:card\" content=\"summary_large_image\" \/>\n<meta name=\"twitter:label1\" content=\"Dur\u00e9e de lecture estim\u00e9e\" \/>\n\t<meta name=\"twitter:data1\" content=\"7 minutes\" \/>\n<script type=\"application\/ld+json\" class=\"yoast-schema-graph\">{\"@context\":\"https:\\\/\\\/schema.org\",\"@graph\":[{\"@type\":\"WebPage\",\"@id\":\"https:\\\/\\\/grandtour.art\\\/fr\\\/art-for-arts-sake\\\/\",\"url\":\"https:\\\/\\\/grandtour.art\\\/fr\\\/art-for-arts-sake\\\/\",\"name\":\"L'art pour l'art - GrandTour\",\"isPartOf\":{\"@id\":\"https:\\\/\\\/grandtour.art\\\/#website\"},\"datePublished\":\"2025-11-20T15:30:10+00:00\",\"dateModified\":\"2025-12-22T15:45:07+00:00\",\"breadcrumb\":{\"@id\":\"https:\\\/\\\/grandtour.art\\\/fr\\\/art-for-arts-sake\\\/#breadcrumb\"},\"inLanguage\":\"fr-FR\",\"potentialAction\":[{\"@type\":\"ReadAction\",\"target\":[\"https:\\\/\\\/grandtour.art\\\/fr\\\/art-for-arts-sake\\\/\"]}]},{\"@type\":\"BreadcrumbList\",\"@id\":\"https:\\\/\\\/grandtour.art\\\/fr\\\/art-for-arts-sake\\\/#breadcrumb\",\"itemListElement\":[{\"@type\":\"ListItem\",\"position\":1,\"name\":\"Home\",\"item\":\"https:\\\/\\\/grandtour.art\\\/fr\\\/\"},{\"@type\":\"ListItem\",\"position\":2,\"name\":\"L&rsquo;art pour l&rsquo;art\"}]},{\"@type\":\"WebSite\",\"@id\":\"https:\\\/\\\/grandtour.art\\\/#website\",\"url\":\"https:\\\/\\\/grandtour.art\\\/\",\"name\":\"GrandTour\",\"description\":\"\",\"potentialAction\":[{\"@type\":\"SearchAction\",\"target\":{\"@type\":\"EntryPoint\",\"urlTemplate\":\"https:\\\/\\\/grandtour.art\\\/?s={search_term_string}\"},\"query-input\":{\"@type\":\"PropertyValueSpecification\",\"valueRequired\":true,\"valueName\":\"search_term_string\"}}],\"inLanguage\":\"fr-FR\"}]}<\/script>\n<!-- \/ Yoast SEO plugin. -->","yoast_head_json":{"title":"L'art pour l'art - GrandTour","robots":{"index":"index","follow":"follow","max-snippet":"max-snippet:-1","max-image-preview":"max-image-preview:large","max-video-preview":"max-video-preview:-1"},"canonical":"https:\/\/grandtour.art\/fr\/art-for-arts-sake\/","og_locale":"fr_FR","og_type":"article","og_title":"L'art pour l'art - GrandTour","og_url":"https:\/\/grandtour.art\/fr\/art-for-arts-sake\/","og_site_name":"GrandTour","article_modified_time":"2025-12-22T15:45:07+00:00","twitter_card":"summary_large_image","twitter_misc":{"Dur\u00e9e de lecture estim\u00e9e":"7 minutes"},"schema":{"@context":"https:\/\/schema.org","@graph":[{"@type":"WebPage","@id":"https:\/\/grandtour.art\/fr\/art-for-arts-sake\/","url":"https:\/\/grandtour.art\/fr\/art-for-arts-sake\/","name":"L'art pour l'art - GrandTour","isPartOf":{"@id":"https:\/\/grandtour.art\/#website"},"datePublished":"2025-11-20T15:30:10+00:00","dateModified":"2025-12-22T15:45:07+00:00","breadcrumb":{"@id":"https:\/\/grandtour.art\/fr\/art-for-arts-sake\/#breadcrumb"},"inLanguage":"fr-FR","potentialAction":[{"@type":"ReadAction","target":["https:\/\/grandtour.art\/fr\/art-for-arts-sake\/"]}]},{"@type":"BreadcrumbList","@id":"https:\/\/grandtour.art\/fr\/art-for-arts-sake\/#breadcrumb","itemListElement":[{"@type":"ListItem","position":1,"name":"Home","item":"https:\/\/grandtour.art\/fr\/"},{"@type":"ListItem","position":2,"name":"L&rsquo;art pour l&rsquo;art"}]},{"@type":"WebSite","@id":"https:\/\/grandtour.art\/#website","url":"https:\/\/grandtour.art\/","name":"GrandTour","description":"","potentialAction":[{"@type":"SearchAction","target":{"@type":"EntryPoint","urlTemplate":"https:\/\/grandtour.art\/?s={search_term_string}"},"query-input":{"@type":"PropertyValueSpecification","valueRequired":true,"valueName":"search_term_string"}}],"inLanguage":"fr-FR"}]}},"_links":{"self":[{"href":"https:\/\/grandtour.art\/fr\/wp-json\/wp\/v2\/pages\/1079","targetHints":{"allow":["GET"]}}],"collection":[{"href":"https:\/\/grandtour.art\/fr\/wp-json\/wp\/v2\/pages"}],"about":[{"href":"https:\/\/grandtour.art\/fr\/wp-json\/wp\/v2\/types\/page"}],"author":[{"embeddable":true,"href":"https:\/\/grandtour.art\/fr\/wp-json\/wp\/v2\/users\/1"}],"replies":[{"embeddable":true,"href":"https:\/\/grandtour.art\/fr\/wp-json\/wp\/v2\/comments?post=1079"}],"version-history":[{"count":8,"href":"https:\/\/grandtour.art\/fr\/wp-json\/wp\/v2\/pages\/1079\/revisions"}],"predecessor-version":[{"id":1186,"href":"https:\/\/grandtour.art\/fr\/wp-json\/wp\/v2\/pages\/1079\/revisions\/1186"}],"wp:attachment":[{"href":"https:\/\/grandtour.art\/fr\/wp-json\/wp\/v2\/media?parent=1079"}],"curies":[{"name":"wp","href":"https:\/\/api.w.org\/{rel}","templated":true}]}}