{"id":1110,"date":"2025-12-01T11:31:45","date_gmt":"2025-12-01T09:31:45","guid":{"rendered":"https:\/\/grandtour.art\/resonances\/"},"modified":"2026-01-07T09:50:42","modified_gmt":"2026-01-07T07:50:42","slug":"resonances","status":"publish","type":"page","link":"https:\/\/grandtour.art\/fr\/resonances\/","title":{"rendered":"R\u00e9sonances"},"content":{"rendered":"<div class=\"fusion-fullwidth fullwidth-box fusion-builder-row-1 fusion-flex-container has-pattern-background has-mask-background nonhundred-percent-fullwidth non-hundred-percent-height-scrolling\" style=\"--awb-border-radius-top-left:0px;--awb-border-radius-top-right:0px;--awb-border-radius-bottom-right:0px;--awb-border-radius-bottom-left:0px;--awb-flex-wrap:wrap;\" ><div class=\"fusion-builder-row fusion-row fusion-flex-align-items-flex-start fusion-flex-content-wrap\" style=\"max-width:1248px;margin-left: calc(-4% \/ 2 );margin-right: calc(-4% \/ 2 );\"><div class=\"fusion-layout-column fusion_builder_column fusion-builder-column-0 fusion_builder_column_1_1 1_1 fusion-flex-column\" style=\"--awb-padding-top:80px;--awb-padding-top-small:120px;--awb-padding-right-small:15px;--awb-bg-size:cover;--awb-width-large:100%;--awb-margin-top-large:0px;--awb-spacing-right-large:1.92%;--awb-margin-bottom-large:0px;--awb-spacing-left-large:1.92%;--awb-width-medium:100%;--awb-order-medium:0;--awb-spacing-right-medium:1.92%;--awb-spacing-left-medium:1.92%;--awb-width-small:100%;--awb-order-small:0;--awb-spacing-right-small:1.92%;--awb-spacing-left-small:1.92%;\"><div class=\"fusion-column-wrapper fusion-column-has-shadow fusion-flex-justify-content-flex-start fusion-content-layout-column\"><div class=\"fusion-text fusion-text-1 fusion-text-no-margin\" style=\"--awb-content-alignment:left;--awb-font-size:20px;--awb-letter-spacing:0.3px;--awb-margin-bottom:20px;--awb-text-font-family:&quot;akzidenz grotesk&quot;;--awb-text-font-style:normal;--awb-text-font-weight:400;\"><p>04.12.25 &#8211; 04.01.26<\/p>\n<\/div><div class=\"fusion-title title fusion-title-1 fusion-sep-none fusion-title-text fusion-title-size-one\" style=\"--awb-margin-top-small:10px;--awb-margin-right-small:0px;--awb-margin-bottom-small:10px;--awb-margin-left-small:0px;--awb-font-size:20px;\"><h1 class=\"fusion-title-heading title-heading-left fusion-responsive-typography-calculated\" style=\"font-family:&quot;akzidenz grotesk&quot;;font-style:normal;font-weight:400;margin:0;letter-spacing:0.3px;font-size:1em;--fontSize:20;line-height:var(--awb-typography1-line-height);\">R\u00e9sonances<\/h1><\/div><div class=\"fusion-text fusion-text-2 fusion-text-no-margin\" style=\"--awb-font-size:20px;--awb-letter-spacing:0px;--awb-margin-bottom:20px;--awb-text-font-family:&quot;akzidenz grotesk&quot;;--awb-text-font-style:normal;--awb-text-font-weight:400;\"><p>R\u00e9sonances, c\u2019est l\u2019ambition de cr\u00e9er une intensit\u00e9 dramatique presque sacr\u00e9e, proposer une exp\u00e9rience artistique sensorielle par la peinture, la sculpture, la c\u00e9ramique et la photographie.<\/p>\n<\/div><div class=\"fusion-image-element \" style=\"--awb-margin-top:0px;--awb-margin-bottom:0px;--awb-max-width:700px;--awb-caption-title-font-family:var(--h2_typography-font-family);--awb-caption-title-font-weight:var(--h2_typography-font-weight);--awb-caption-title-font-style:var(--h2_typography-font-style);--awb-caption-title-size:var(--h2_typography-font-size);--awb-caption-title-transform:var(--h2_typography-text-transform);--awb-caption-title-line-height:var(--h2_typography-line-height);--awb-caption-title-letter-spacing:var(--h2_typography-letter-spacing);\"><span class=\" fusion-imageframe imageframe-none imageframe-1 hover-type-none\"><img decoding=\"async\" width=\"1950\" height=\"1965\" title=\"\u0153uvre.01\" src=\"https:\/\/grandtour.art\/wp-content\/uploads\/2025\/12\/oeuvre.01.jpg\" data-orig-src=\"https:\/\/grandtour.art\/wp-content\/uploads\/2025\/12\/oeuvre.01.jpg\" alt class=\"lazyload img-responsive wp-image-1106\" srcset=\"data:image\/svg+xml,%3Csvg%20xmlns%3D%27http%3A%2F%2Fwww.w3.org%2F2000%2Fsvg%27%20width%3D%271950%27%20height%3D%271965%27%20viewBox%3D%270%200%201950%201965%27%3E%3Crect%20width%3D%271950%27%20height%3D%271965%27%20fill-opacity%3D%220%22%2F%3E%3C%2Fsvg%3E\" data-srcset=\"https:\/\/grandtour.art\/wp-content\/uploads\/2025\/12\/oeuvre.01-200x202.jpg 200w, https:\/\/grandtour.art\/wp-content\/uploads\/2025\/12\/oeuvre.01-400x403.jpg 400w, https:\/\/grandtour.art\/wp-content\/uploads\/2025\/12\/oeuvre.01-600x605.jpg 600w, https:\/\/grandtour.art\/wp-content\/uploads\/2025\/12\/oeuvre.01-800x806.jpg 800w, https:\/\/grandtour.art\/wp-content\/uploads\/2025\/12\/oeuvre.01-1200x1209.jpg 1200w, https:\/\/grandtour.art\/wp-content\/uploads\/2025\/12\/oeuvre.01.jpg 1950w\" data-sizes=\"auto\" data-orig-sizes=\"(max-width: 640px) 100vw, 1200px\" \/><\/span><\/div><div class=\"fusion-text fusion-text-3 fusion-text-no-margin\" style=\"--awb-font-size:20px;--awb-letter-spacing:0.3px;--awb-margin-top:40PX;--awb-margin-bottom:40px;--awb-text-font-family:&quot;akzidenz grotesk&quot;;--awb-text-font-style:normal;--awb-text-font-weight:400;\"><p>L\u2019exposition explore la gen\u00e8se de la mati\u00e8re et du pigment, l\u2019\u00e9nergie de la forme d\u00e9ploy\u00e9e, les surfaces et tensions mat\u00e9rielles, la lumi\u00e8re pos\u00e9e sur les choses. Tangibles, formelles, po\u00e9tiques et oniriques, les \u0153uvres r\u00e9unies dans le cadre de cette exposition contribuent \u00e0 bercer nos \u00e9motions.<\/p>\n<p>Port\u00e9 par quatre galeries \u2013 Bacquart, Virginie Lesage, NEC et SEE \u2013 R\u00e9sonances propose une exp\u00e9rience o\u00f9 se croisent arts anciens, savoir-faire contemporains et recherche plastique, dans une sc\u00e9nographie pens\u00e9e comme un dialogue entre les mati\u00e8res et les \u00e9nergies.<\/p>\n<\/div><div class=\"fusion-image-element \" style=\"--awb-margin-top:0px;--awb-margin-bottom:20px;--awb-max-width:400px;--awb-caption-title-font-family:var(--h2_typography-font-family);--awb-caption-title-font-weight:var(--h2_typography-font-weight);--awb-caption-title-font-style:var(--h2_typography-font-style);--awb-caption-title-size:var(--h2_typography-font-size);--awb-caption-title-transform:var(--h2_typography-text-transform);--awb-caption-title-line-height:var(--h2_typography-line-height);--awb-caption-title-letter-spacing:var(--h2_typography-letter-spacing);\"><span class=\" fusion-imageframe imageframe-none imageframe-2 hover-type-none\"><img decoding=\"async\" width=\"1801\" height=\"1907\" title=\"\u0153uvre.02\" src=\"https:\/\/grandtour.art\/wp-content\/uploads\/2025\/12\/oeuvre.02.jpg\" data-orig-src=\"https:\/\/grandtour.art\/wp-content\/uploads\/2025\/12\/oeuvre.02.jpg\" alt class=\"lazyload img-responsive wp-image-1108\" srcset=\"data:image\/svg+xml,%3Csvg%20xmlns%3D%27http%3A%2F%2Fwww.w3.org%2F2000%2Fsvg%27%20width%3D%271801%27%20height%3D%271907%27%20viewBox%3D%270%200%201801%201907%27%3E%3Crect%20width%3D%271801%27%20height%3D%271907%27%20fill-opacity%3D%220%22%2F%3E%3C%2Fsvg%3E\" data-srcset=\"https:\/\/grandtour.art\/wp-content\/uploads\/2025\/12\/oeuvre.02-200x212.jpg 200w, https:\/\/grandtour.art\/wp-content\/uploads\/2025\/12\/oeuvre.02-400x424.jpg 400w, https:\/\/grandtour.art\/wp-content\/uploads\/2025\/12\/oeuvre.02-600x635.jpg 600w, https:\/\/grandtour.art\/wp-content\/uploads\/2025\/12\/oeuvre.02-800x847.jpg 800w, https:\/\/grandtour.art\/wp-content\/uploads\/2025\/12\/oeuvre.02-1200x1271.jpg 1200w, https:\/\/grandtour.art\/wp-content\/uploads\/2025\/12\/oeuvre.02.jpg 1801w\" data-sizes=\"auto\" data-orig-sizes=\"(max-width: 640px) 100vw, 1200px\" \/><\/span><\/div><\/div><\/div><\/div><\/div>\n","protected":false},"excerpt":{"rendered":"","protected":false},"author":1,"featured_media":0,"parent":0,"menu_order":0,"comment_status":"closed","ping_status":"closed","template":"100-width.php","meta":{"footnotes":""},"class_list":["post-1110","page","type-page","status-publish","hentry"],"yoast_head":"<!-- This site is optimized with the Yoast SEO plugin v27.6 - https:\/\/yoast.com\/product\/yoast-seo-wordpress\/ -->\n<title>R\u00e9sonances - GrandTour<\/title>\n<meta name=\"robots\" content=\"index, follow, max-snippet:-1, max-image-preview:large, max-video-preview:-1\" \/>\n<link rel=\"canonical\" href=\"https:\/\/grandtour.art\/fr\/resonances\/\" \/>\n<meta property=\"og:locale\" content=\"fr_FR\" \/>\n<meta property=\"og:type\" content=\"article\" \/>\n<meta property=\"og:title\" content=\"R\u00e9sonances - GrandTour\" \/>\n<meta property=\"og:url\" content=\"https:\/\/grandtour.art\/fr\/resonances\/\" \/>\n<meta property=\"og:site_name\" content=\"GrandTour\" \/>\n<meta property=\"article:modified_time\" content=\"2026-01-07T07:50:42+00:00\" \/>\n<meta name=\"twitter:card\" content=\"summary_large_image\" \/>\n<script type=\"application\/ld+json\" class=\"yoast-schema-graph\">{\"@context\":\"https:\\\/\\\/schema.org\",\"@graph\":[{\"@type\":\"WebPage\",\"@id\":\"https:\\\/\\\/grandtour.art\\\/fr\\\/resonances\\\/\",\"url\":\"https:\\\/\\\/grandtour.art\\\/fr\\\/resonances\\\/\",\"name\":\"R\u00e9sonances - GrandTour\",\"isPartOf\":{\"@id\":\"https:\\\/\\\/grandtour.art\\\/#website\"},\"datePublished\":\"2025-12-01T09:31:45+00:00\",\"dateModified\":\"2026-01-07T07:50:42+00:00\",\"breadcrumb\":{\"@id\":\"https:\\\/\\\/grandtour.art\\\/fr\\\/resonances\\\/#breadcrumb\"},\"inLanguage\":\"fr-FR\",\"potentialAction\":[{\"@type\":\"ReadAction\",\"target\":[\"https:\\\/\\\/grandtour.art\\\/fr\\\/resonances\\\/\"]}]},{\"@type\":\"BreadcrumbList\",\"@id\":\"https:\\\/\\\/grandtour.art\\\/fr\\\/resonances\\\/#breadcrumb\",\"itemListElement\":[{\"@type\":\"ListItem\",\"position\":1,\"name\":\"Home\",\"item\":\"https:\\\/\\\/grandtour.art\\\/fr\\\/\"},{\"@type\":\"ListItem\",\"position\":2,\"name\":\"R\u00e9sonances\"}]},{\"@type\":\"WebSite\",\"@id\":\"https:\\\/\\\/grandtour.art\\\/#website\",\"url\":\"https:\\\/\\\/grandtour.art\\\/\",\"name\":\"GrandTour\",\"description\":\"\",\"potentialAction\":[{\"@type\":\"SearchAction\",\"target\":{\"@type\":\"EntryPoint\",\"urlTemplate\":\"https:\\\/\\\/grandtour.art\\\/?s={search_term_string}\"},\"query-input\":{\"@type\":\"PropertyValueSpecification\",\"valueRequired\":true,\"valueName\":\"search_term_string\"}}],\"inLanguage\":\"fr-FR\"}]}<\/script>\n<!-- \/ Yoast SEO plugin. -->","yoast_head_json":{"title":"R\u00e9sonances - GrandTour","robots":{"index":"index","follow":"follow","max-snippet":"max-snippet:-1","max-image-preview":"max-image-preview:large","max-video-preview":"max-video-preview:-1"},"canonical":"https:\/\/grandtour.art\/fr\/resonances\/","og_locale":"fr_FR","og_type":"article","og_title":"R\u00e9sonances - GrandTour","og_url":"https:\/\/grandtour.art\/fr\/resonances\/","og_site_name":"GrandTour","article_modified_time":"2026-01-07T07:50:42+00:00","twitter_card":"summary_large_image","schema":{"@context":"https:\/\/schema.org","@graph":[{"@type":"WebPage","@id":"https:\/\/grandtour.art\/fr\/resonances\/","url":"https:\/\/grandtour.art\/fr\/resonances\/","name":"R\u00e9sonances - GrandTour","isPartOf":{"@id":"https:\/\/grandtour.art\/#website"},"datePublished":"2025-12-01T09:31:45+00:00","dateModified":"2026-01-07T07:50:42+00:00","breadcrumb":{"@id":"https:\/\/grandtour.art\/fr\/resonances\/#breadcrumb"},"inLanguage":"fr-FR","potentialAction":[{"@type":"ReadAction","target":["https:\/\/grandtour.art\/fr\/resonances\/"]}]},{"@type":"BreadcrumbList","@id":"https:\/\/grandtour.art\/fr\/resonances\/#breadcrumb","itemListElement":[{"@type":"ListItem","position":1,"name":"Home","item":"https:\/\/grandtour.art\/fr\/"},{"@type":"ListItem","position":2,"name":"R\u00e9sonances"}]},{"@type":"WebSite","@id":"https:\/\/grandtour.art\/#website","url":"https:\/\/grandtour.art\/","name":"GrandTour","description":"","potentialAction":[{"@type":"SearchAction","target":{"@type":"EntryPoint","urlTemplate":"https:\/\/grandtour.art\/?s={search_term_string}"},"query-input":{"@type":"PropertyValueSpecification","valueRequired":true,"valueName":"search_term_string"}}],"inLanguage":"fr-FR"}]}},"_links":{"self":[{"href":"https:\/\/grandtour.art\/fr\/wp-json\/wp\/v2\/pages\/1110","targetHints":{"allow":["GET"]}}],"collection":[{"href":"https:\/\/grandtour.art\/fr\/wp-json\/wp\/v2\/pages"}],"about":[{"href":"https:\/\/grandtour.art\/fr\/wp-json\/wp\/v2\/types\/page"}],"author":[{"embeddable":true,"href":"https:\/\/grandtour.art\/fr\/wp-json\/wp\/v2\/users\/1"}],"replies":[{"embeddable":true,"href":"https:\/\/grandtour.art\/fr\/wp-json\/wp\/v2\/comments?post=1110"}],"version-history":[{"count":6,"href":"https:\/\/grandtour.art\/fr\/wp-json\/wp\/v2\/pages\/1110\/revisions"}],"predecessor-version":[{"id":1196,"href":"https:\/\/grandtour.art\/fr\/wp-json\/wp\/v2\/pages\/1110\/revisions\/1196"}],"wp:attachment":[{"href":"https:\/\/grandtour.art\/fr\/wp-json\/wp\/v2\/media?parent=1110"}],"curies":[{"name":"wp","href":"https:\/\/api.w.org\/{rel}","templated":true}]}}