{"id":1199,"date":"2026-01-29T17:07:51","date_gmt":"2026-01-29T15:07:51","guid":{"rendered":"https:\/\/grandtour.art\/?page_id=1199"},"modified":"2026-02-12T12:23:42","modified_gmt":"2026-02-12T10:23:42","slug":"archipel-des-corps","status":"publish","type":"page","link":"https:\/\/grandtour.art\/fr\/archipel-des-corps\/","title":{"rendered":"Archipel des Corps"},"content":{"rendered":"<div class=\"fusion-fullwidth fullwidth-box fusion-builder-row-1 fusion-flex-container has-pattern-background has-mask-background nonhundred-percent-fullwidth non-hundred-percent-height-scrolling\" style=\"--awb-border-radius-top-left:0px;--awb-border-radius-top-right:0px;--awb-border-radius-bottom-right:0px;--awb-border-radius-bottom-left:0px;--awb-flex-wrap:wrap;\" ><div class=\"fusion-builder-row fusion-row fusion-flex-align-items-flex-start fusion-flex-content-wrap\" style=\"max-width:1248px;margin-left: calc(-4% \/ 2 );margin-right: calc(-4% \/ 2 );\"><div class=\"fusion-layout-column fusion_builder_column fusion-builder-column-0 fusion_builder_column_1_1 1_1 fusion-flex-column\" style=\"--awb-padding-top:80px;--awb-padding-top-small:120px;--awb-padding-right-small:15px;--awb-bg-size:cover;--awb-width-large:100%;--awb-margin-top-large:0px;--awb-spacing-right-large:1.92%;--awb-margin-bottom-large:70px;--awb-spacing-left-large:1.92%;--awb-width-medium:100%;--awb-order-medium:0;--awb-spacing-right-medium:1.92%;--awb-spacing-left-medium:1.92%;--awb-width-small:100%;--awb-order-small:0;--awb-spacing-right-small:1.92%;--awb-spacing-left-small:1.92%;\" data-scroll-devices=\"small-visibility,medium-visibility,large-visibility\"><div class=\"fusion-column-wrapper fusion-column-has-shadow fusion-flex-justify-content-flex-start fusion-content-layout-column\"><div class=\"fusion-title title fusion-title-1 fusion-sep-none fusion-title-text fusion-title-size-one\" style=\"--awb-margin-bottom:0px;--awb-margin-top-small:10px;--awb-margin-right-small:0px;--awb-margin-bottom-small:10px;--awb-margin-left-small:0px;--awb-font-size:20px;\"><h1 class=\"fusion-title-heading title-heading-left fusion-responsive-typography-calculated\" style=\"font-family:&quot;akzidenz grotesk&quot;;font-style:normal;font-weight:400;margin:0;letter-spacing:0.3px;font-size:1em;--fontSize:20;line-height:var(--awb-typography1-line-height);\">Archipel des Corps<\/h1><\/div><div class=\"fusion-text fusion-text-1 fusion-text-no-margin\" style=\"--awb-content-alignment:left;--awb-font-size:20px;--awb-letter-spacing:0.3px;--awb-margin-bottom:20px;--awb-text-font-family:&quot;akzidenz grotesk&quot;;--awb-text-font-style:normal;--awb-text-font-weight:400;\"><p>05.02 &#8211; 27.02<\/p>\n<\/div><div class=\"fusion-text fusion-text-2 fusion-text-no-margin\" style=\"--awb-font-size:20px;--awb-letter-spacing:0px;--awb-margin-bottom:20px;--awb-text-font-family:&quot;akzidenz grotesk&quot;;--awb-text-font-style:normal;--awb-text-font-weight:400;\"><p>L\u2019exposition est pr\u00e9sent\u00e9e en collaboration avec les galeries Nicoletti, Suzanne Tarasieve, et The Pill.<br \/>\nGrand Tour est situ\u00e9 123, rue de Turenne, Paris 3 et est ouvert du mardi au vendredi de 11 \u00e0 18h et le samedi de 14 \u00e0 18h.<\/p>\n<\/div><div class=\"fusion-image-element \" style=\"--awb-margin-top:0px;--awb-margin-bottom:0px;--awb-caption-title-font-family:var(--h2_typography-font-family);--awb-caption-title-font-weight:var(--h2_typography-font-weight);--awb-caption-title-font-style:var(--h2_typography-font-style);--awb-caption-title-size:var(--h2_typography-font-size);--awb-caption-title-transform:var(--h2_typography-text-transform);--awb-caption-title-line-height:var(--h2_typography-line-height);--awb-caption-title-letter-spacing:var(--h2_typography-letter-spacing);\"><span class=\" fusion-imageframe imageframe-none imageframe-1 hover-type-none\"><img decoding=\"async\" width=\"534\" height=\"800\" title=\"Oeuvre Artistique Hugo Servanin, G\u00e9ant 49 2024\" src=\"https:\/\/grandtour.art\/wp-content\/uploads\/2026\/01\/Oeuvre-Artistique-Hugo-Servanin-Geant-49-2024.webp\" data-orig-src=\"https:\/\/grandtour.art\/wp-content\/uploads\/2026\/01\/Oeuvre-Artistique-Hugo-Servanin-Geant-49-2024.webp\" alt class=\"lazyload img-responsive wp-image-1203\" srcset=\"data:image\/svg+xml,%3Csvg%20xmlns%3D%27http%3A%2F%2Fwww.w3.org%2F2000%2Fsvg%27%20width%3D%27534%27%20height%3D%27800%27%20viewBox%3D%270%200%20534%20800%27%3E%3Crect%20width%3D%27534%27%20height%3D%27800%27%20fill-opacity%3D%220%22%2F%3E%3C%2Fsvg%3E\" data-srcset=\"https:\/\/grandtour.art\/wp-content\/uploads\/2026\/01\/Oeuvre-Artistique-Hugo-Servanin-Geant-49-2024-200x300.webp 200w, https:\/\/grandtour.art\/wp-content\/uploads\/2026\/01\/Oeuvre-Artistique-Hugo-Servanin-Geant-49-2024-400x599.webp 400w, https:\/\/grandtour.art\/wp-content\/uploads\/2026\/01\/Oeuvre-Artistique-Hugo-Servanin-Geant-49-2024.webp 534w\" data-sizes=\"auto\" data-orig-sizes=\"(max-width: 640px) 100vw, 534px\" \/><\/span><\/div><div class=\"fusion-text fusion-text-3\" style=\"--awb-font-size:16px;--awb-line-height:var(--awb-typography4-line-height);--awb-letter-spacing:var(--awb-typography4-letter-spacing);--awb-text-transform:var(--awb-typography4-text-transform);\"><p><em>Hugo Servanin, G\u00e9ant 49, 2024<\/em><\/p>\n<\/div><div class=\"fusion-text fusion-text-4 fusion-text-no-margin\" style=\"--awb-font-size:20px;--awb-letter-spacing:0.3px;--awb-margin-top:40PX;--awb-margin-bottom:40px;--awb-text-font-family:&quot;akzidenz grotesk&quot;;--awb-text-font-style:normal;--awb-text-font-weight:400;\"><p>Alin Bozbiciu<br \/>\nAlkis Boutlis<br \/>\nHugo Gu\u00e9rin<br \/>\nHugo Servanin<br \/>\nMari Katayama<br \/>\nNefeli Papadimouli<br \/>\n\u00d6zlem Altin<\/p>\n<p>Archipel des corps r\u00e9unit des artistes qui interrogent le corps non comme une unit\u00e9 stable, mais comme un ensemble de fragments et de pr\u00e9sences disjointes. \u00c0 travers la peinture, la sculpture, le design et la photographie, l\u2019exposition explore une anatomie mouvante, hybride, parfois vuln\u00e9rable, travers\u00e9e par le d\u00e9sir et l\u2019angoisse. Pens\u00e9e comme un archipel, l\u2019exposition dessine une cartographie de territoires reli\u00e9s par des courants invisibles.<\/p>\n<\/div><div class=\"fusion-image-element \" style=\"--awb-margin-top:0px;--awb-margin-bottom:0px;--awb-caption-title-font-family:var(--h2_typography-font-family);--awb-caption-title-font-weight:var(--h2_typography-font-weight);--awb-caption-title-font-style:var(--h2_typography-font-style);--awb-caption-title-size:var(--h2_typography-font-size);--awb-caption-title-transform:var(--h2_typography-text-transform);--awb-caption-title-line-height:var(--h2_typography-line-height);--awb-caption-title-letter-spacing:var(--h2_typography-letter-spacing);\"><span class=\" fusion-imageframe imageframe-none imageframe-2 hover-type-none\"><img decoding=\"async\" width=\"600\" height=\"800\" title=\"Oeuvre Artistique Nefeli Papadimouli, The World in my Mouth 2023\" src=\"https:\/\/grandtour.art\/wp-content\/uploads\/2026\/01\/Oeuvre-Artistique-Nefeli-Papadimouli-The-World-in-my-Mouth-2023.webp\" data-orig-src=\"https:\/\/grandtour.art\/wp-content\/uploads\/2026\/01\/Oeuvre-Artistique-Nefeli-Papadimouli-The-World-in-my-Mouth-2023.webp\" alt class=\"lazyload img-responsive wp-image-1204\" srcset=\"data:image\/svg+xml,%3Csvg%20xmlns%3D%27http%3A%2F%2Fwww.w3.org%2F2000%2Fsvg%27%20width%3D%27600%27%20height%3D%27800%27%20viewBox%3D%270%200%20600%20800%27%3E%3Crect%20width%3D%27600%27%20height%3D%27800%27%20fill-opacity%3D%220%22%2F%3E%3C%2Fsvg%3E\" data-srcset=\"https:\/\/grandtour.art\/wp-content\/uploads\/2026\/01\/Oeuvre-Artistique-Nefeli-Papadimouli-The-World-in-my-Mouth-2023-200x267.webp 200w, https:\/\/grandtour.art\/wp-content\/uploads\/2026\/01\/Oeuvre-Artistique-Nefeli-Papadimouli-The-World-in-my-Mouth-2023-400x533.webp 400w, https:\/\/grandtour.art\/wp-content\/uploads\/2026\/01\/Oeuvre-Artistique-Nefeli-Papadimouli-The-World-in-my-Mouth-2023.webp 600w\" data-sizes=\"auto\" data-orig-sizes=\"(max-width: 640px) 100vw, 600px\" \/><\/span><\/div><div class=\"fusion-text fusion-text-5\" style=\"--awb-font-size:16px;--awb-line-height:var(--awb-typography4-line-height);--awb-letter-spacing:var(--awb-typography4-letter-spacing);--awb-text-transform:var(--awb-typography4-text-transform);\"><p><em>Nefeli Papadimouli, The World in my Mouth, 2023<\/em><\/p>\n<\/div><div class=\"fusion-text fusion-text-6 fusion-text-no-margin\" style=\"--awb-font-size:20px;--awb-letter-spacing:0.3px;--awb-margin-top:40PX;--awb-margin-bottom:40px;--awb-text-font-family:&quot;akzidenz grotesk&quot;;--awb-text-font-style:normal;--awb-text-font-weight:400;\"><p>Les \u0153uvres r\u00e9unies dans cet Archipel des corps trouvent un \u00e9cho dans le conte d\u2019Alice au pays des merveilles, lorsque l\u2019h\u00e9ro\u00efne doit sans cesse grandir ou r\u00e9tr\u00e9cir pour s\u2019adapter \u00e0 un univers instable. Comme elle, il faut parfois ajuster sa taille et changer d\u2019\u00e9tat pour continuer \u00e0 avancer dans ce monde. Au XXIe si\u00e8cle, cette instabilit\u00e9 prend aussi la forme d\u2019un flux d\u2019images continu. Le corps n\u2019est plus seulement \u00e9prouv\u00e9 : il est projet\u00e9 et emport\u00e9 par les vagues des \u00e9crans. L\u2019exposition ne propose pas une critique frontale de ces dispositifs mais interroge la distance n\u00e9cessaire entre soi et son image pour ne pas s\u2019y dissoudre.<\/p>\n<p>\u2013 Manon Canto et \u00c9lise Roche<\/p>\n<\/div><\/div><\/div><\/div><\/div>\n","protected":false},"excerpt":{"rendered":"","protected":false},"author":1,"featured_media":0,"parent":0,"menu_order":0,"comment_status":"closed","ping_status":"closed","template":"100-width.php","meta":{"footnotes":""},"class_list":["post-1199","page","type-page","status-publish","hentry"],"yoast_head":"<!-- This site is optimized with the Yoast SEO plugin v27.5 - https:\/\/yoast.com\/product\/yoast-seo-wordpress\/ -->\n<title>Archipel des Corps - GrandTour<\/title>\n<meta name=\"robots\" content=\"index, follow, max-snippet:-1, max-image-preview:large, max-video-preview:-1\" \/>\n<link rel=\"canonical\" href=\"https:\/\/grandtour.art\/fr\/archipel-des-corps\/\" \/>\n<meta property=\"og:locale\" content=\"fr_FR\" \/>\n<meta property=\"og:type\" content=\"article\" \/>\n<meta property=\"og:title\" content=\"Archipel des Corps - GrandTour\" \/>\n<meta property=\"og:url\" content=\"https:\/\/grandtour.art\/fr\/archipel-des-corps\/\" \/>\n<meta property=\"og:site_name\" content=\"GrandTour\" \/>\n<meta property=\"article:modified_time\" content=\"2026-02-12T10:23:42+00:00\" \/>\n<meta name=\"twitter:card\" content=\"summary_large_image\" \/>\n<meta name=\"twitter:label1\" content=\"Dur\u00e9e de lecture estim\u00e9e\" \/>\n\t<meta name=\"twitter:data1\" content=\"2 minutes\" \/>\n<script type=\"application\/ld+json\" class=\"yoast-schema-graph\">{\"@context\":\"https:\\\/\\\/schema.org\",\"@graph\":[{\"@type\":\"WebPage\",\"@id\":\"https:\\\/\\\/grandtour.art\\\/fr\\\/archipel-des-corps\\\/\",\"url\":\"https:\\\/\\\/grandtour.art\\\/fr\\\/archipel-des-corps\\\/\",\"name\":\"Archipel des Corps - GrandTour\",\"isPartOf\":{\"@id\":\"https:\\\/\\\/grandtour.art\\\/#website\"},\"datePublished\":\"2026-01-29T15:07:51+00:00\",\"dateModified\":\"2026-02-12T10:23:42+00:00\",\"breadcrumb\":{\"@id\":\"https:\\\/\\\/grandtour.art\\\/fr\\\/archipel-des-corps\\\/#breadcrumb\"},\"inLanguage\":\"fr-FR\",\"potentialAction\":[{\"@type\":\"ReadAction\",\"target\":[\"https:\\\/\\\/grandtour.art\\\/fr\\\/archipel-des-corps\\\/\"]}]},{\"@type\":\"BreadcrumbList\",\"@id\":\"https:\\\/\\\/grandtour.art\\\/fr\\\/archipel-des-corps\\\/#breadcrumb\",\"itemListElement\":[{\"@type\":\"ListItem\",\"position\":1,\"name\":\"Home\",\"item\":\"https:\\\/\\\/grandtour.art\\\/fr\\\/\"},{\"@type\":\"ListItem\",\"position\":2,\"name\":\"Archipel des Corps\"}]},{\"@type\":\"WebSite\",\"@id\":\"https:\\\/\\\/grandtour.art\\\/#website\",\"url\":\"https:\\\/\\\/grandtour.art\\\/\",\"name\":\"GrandTour\",\"description\":\"\",\"potentialAction\":[{\"@type\":\"SearchAction\",\"target\":{\"@type\":\"EntryPoint\",\"urlTemplate\":\"https:\\\/\\\/grandtour.art\\\/?s={search_term_string}\"},\"query-input\":{\"@type\":\"PropertyValueSpecification\",\"valueRequired\":true,\"valueName\":\"search_term_string\"}}],\"inLanguage\":\"fr-FR\"}]}<\/script>\n<!-- \/ Yoast SEO plugin. -->","yoast_head_json":{"title":"Archipel des Corps - GrandTour","robots":{"index":"index","follow":"follow","max-snippet":"max-snippet:-1","max-image-preview":"max-image-preview:large","max-video-preview":"max-video-preview:-1"},"canonical":"https:\/\/grandtour.art\/fr\/archipel-des-corps\/","og_locale":"fr_FR","og_type":"article","og_title":"Archipel des Corps - GrandTour","og_url":"https:\/\/grandtour.art\/fr\/archipel-des-corps\/","og_site_name":"GrandTour","article_modified_time":"2026-02-12T10:23:42+00:00","twitter_card":"summary_large_image","twitter_misc":{"Dur\u00e9e de lecture estim\u00e9e":"2 minutes"},"schema":{"@context":"https:\/\/schema.org","@graph":[{"@type":"WebPage","@id":"https:\/\/grandtour.art\/fr\/archipel-des-corps\/","url":"https:\/\/grandtour.art\/fr\/archipel-des-corps\/","name":"Archipel des Corps - GrandTour","isPartOf":{"@id":"https:\/\/grandtour.art\/#website"},"datePublished":"2026-01-29T15:07:51+00:00","dateModified":"2026-02-12T10:23:42+00:00","breadcrumb":{"@id":"https:\/\/grandtour.art\/fr\/archipel-des-corps\/#breadcrumb"},"inLanguage":"fr-FR","potentialAction":[{"@type":"ReadAction","target":["https:\/\/grandtour.art\/fr\/archipel-des-corps\/"]}]},{"@type":"BreadcrumbList","@id":"https:\/\/grandtour.art\/fr\/archipel-des-corps\/#breadcrumb","itemListElement":[{"@type":"ListItem","position":1,"name":"Home","item":"https:\/\/grandtour.art\/fr\/"},{"@type":"ListItem","position":2,"name":"Archipel des Corps"}]},{"@type":"WebSite","@id":"https:\/\/grandtour.art\/#website","url":"https:\/\/grandtour.art\/","name":"GrandTour","description":"","potentialAction":[{"@type":"SearchAction","target":{"@type":"EntryPoint","urlTemplate":"https:\/\/grandtour.art\/?s={search_term_string}"},"query-input":{"@type":"PropertyValueSpecification","valueRequired":true,"valueName":"search_term_string"}}],"inLanguage":"fr-FR"}]}},"_links":{"self":[{"href":"https:\/\/grandtour.art\/fr\/wp-json\/wp\/v2\/pages\/1199","targetHints":{"allow":["GET"]}}],"collection":[{"href":"https:\/\/grandtour.art\/fr\/wp-json\/wp\/v2\/pages"}],"about":[{"href":"https:\/\/grandtour.art\/fr\/wp-json\/wp\/v2\/types\/page"}],"author":[{"embeddable":true,"href":"https:\/\/grandtour.art\/fr\/wp-json\/wp\/v2\/users\/1"}],"replies":[{"embeddable":true,"href":"https:\/\/grandtour.art\/fr\/wp-json\/wp\/v2\/comments?post=1199"}],"version-history":[{"count":9,"href":"https:\/\/grandtour.art\/fr\/wp-json\/wp\/v2\/pages\/1199\/revisions"}],"predecessor-version":[{"id":1246,"href":"https:\/\/grandtour.art\/fr\/wp-json\/wp\/v2\/pages\/1199\/revisions\/1246"}],"wp:attachment":[{"href":"https:\/\/grandtour.art\/fr\/wp-json\/wp\/v2\/media?parent=1199"}],"curies":[{"name":"wp","href":"https:\/\/api.w.org\/{rel}","templated":true}]}}