{"id":244,"date":"2025-05-20T09:28:00","date_gmt":"2025-05-20T07:28:00","guid":{"rendered":"https:\/\/grandtour.art\/a-propos-de\/"},"modified":"2025-10-27T12:06:59","modified_gmt":"2025-10-27T10:06:59","slug":"a-propos-de","status":"publish","type":"page","link":"https:\/\/grandtour.art\/fr\/a-propos-de\/","title":{"rendered":"\u00c0 propos"},"content":{"rendered":"<div class=\"fusion-fullwidth fullwidth-box fusion-builder-row-1 fusion-flex-container has-pattern-background has-mask-background nonhundred-percent-fullwidth non-hundred-percent-height-scrolling fusion-custom-z-index\" style=\"--awb-border-radius-top-left:0px;--awb-border-radius-top-right:0px;--awb-border-radius-bottom-right:0px;--awb-border-radius-bottom-left:0px;--awb-z-index:3;--awb-padding-right-small:25px;--awb-padding-left-small:24px;--awb-margin-top:0px;--awb-flex-wrap:wrap;\" ><div class=\"fusion-builder-row fusion-row fusion-flex-align-items-flex-start fusion-flex-align-content-center fusion-flex-content-wrap\" style=\"max-width:1248px;margin-left: calc(-4% \/ 2 );margin-right: calc(-4% \/ 2 );\"><div class=\"fusion-layout-column fusion_builder_column fusion-builder-column-0 fusion_builder_column_1_1 1_1 fusion-flex-column\" style=\"--awb-padding-top:120px;--awb-padding-top-small:120px;--awb-bg-size:cover;--awb-width-large:100%;--awb-margin-top-large:0px;--awb-spacing-right-large:1.92%;--awb-margin-bottom-large:20px;--awb-spacing-left-large:1.92%;--awb-width-medium:100%;--awb-order-medium:0;--awb-spacing-right-medium:1.92%;--awb-spacing-left-medium:1.92%;--awb-width-small:100%;--awb-order-small:1;--awb-spacing-right-small:1.92%;--awb-spacing-left-small:1.92%;\"><div class=\"fusion-column-wrapper fusion-column-has-shadow fusion-flex-justify-content-flex-start fusion-content-layout-column\"><div class=\"fusion-title title fusion-title-1 fusion-sep-none fusion-title-text fusion-title-size-one\" style=\"--awb-margin-top-small:10px;--awb-margin-right-small:40PX;--awb-margin-bottom-small:10px;--awb-margin-left-small:0px;--awb-font-size:20px;\"><h1 class=\"fusion-title-heading title-heading-left fusion-responsive-typography-calculated\" style=\"font-family:&quot;akzidenz grotesk&quot;;font-style:normal;font-weight:400;margin:0;letter-spacing:0.3px;font-size:1em;--fontSize:20;line-height:var(--awb-typography1-line-height);\">Situ\u00e9 au 123 rue de Turenne, Grand Tour est un nouvel espace d\u00e9di\u00e9 \u00e0 l&rsquo;art contemporain, con\u00e7u comme un lieu d&rsquo;exp\u00e9rimentation, de transmission et de connexion. En r\u00e9ponse aux besoins \u00e9volutifs du march\u00e9 de l&rsquo;art, Grand Tour repense le mod\u00e8le traditionnel de la galerie en offrant un \u00e9cosyst\u00e8me ouvert et ind\u00e9pendant. Des expositions, un soutien curatorial, des conseils en mati\u00e8re d&rsquo;acquisition, des conf\u00e9rences et des \u00e9v\u00e9nements priv\u00e9s sont organis\u00e9s tout au long de l&rsquo;ann\u00e9e.<\/h1><\/div><div class=\"fusion-text fusion-text-1 fusion-text-no-margin\" style=\"--awb-font-size:20px;--awb-letter-spacing:0.3px;--awb-margin-right:40PX;--awb-margin-bottom:20px;--awb-text-font-family:&quot;akzidenz grotesk&quot;;--awb-text-font-style:normal;--awb-text-font-weight:400;\"><p>Le conseil, l&rsquo;information et l&rsquo;authenticit\u00e9 sont au c\u0153ur de chaque rencontre. Grand Tour s&rsquo;adresse \u00e0 tous les acteurs du monde de l&rsquo;art &#8211; galeries, artistes, collectionneurs, institutions, entreprises et amateurs d&rsquo;art &#8211; en leur offrant une plateforme dynamique de visibilit\u00e9, d&rsquo;\u00e9change et de croissance.<\/p>\n<\/div><div class=\"fusion-image-element \" style=\"--awb-margin-top:20px;--awb-margin-bottom:20px;--awb-max-width:700px;--awb-caption-title-font-family:var(--h2_typography-font-family);--awb-caption-title-font-weight:var(--h2_typography-font-weight);--awb-caption-title-font-style:var(--h2_typography-font-style);--awb-caption-title-size:var(--h2_typography-font-size);--awb-caption-title-transform:var(--h2_typography-text-transform);--awb-caption-title-line-height:var(--h2_typography-line-height);--awb-caption-title-letter-spacing:var(--h2_typography-letter-spacing);\"><span class=\" fusion-imageframe imageframe-none imageframe-1 hover-type-none\"><img decoding=\"async\" width=\"2000\" height=\"1334\" title=\"Grand Tour-6143 &#8211; HD\" src=\"https:\/\/grandtour.art\/wp-content\/uploads\/2025\/10\/Grand-Tour-6143-HD.jpg\" data-orig-src=\"https:\/\/grandtour.art\/wp-content\/uploads\/2025\/10\/Grand-Tour-6143-HD.jpg\" alt class=\"lazyload img-responsive wp-image-998\" srcset=\"data:image\/svg+xml,%3Csvg%20xmlns%3D%27http%3A%2F%2Fwww.w3.org%2F2000%2Fsvg%27%20width%3D%272000%27%20height%3D%271334%27%20viewBox%3D%270%200%202000%201334%27%3E%3Crect%20width%3D%272000%27%20height%3D%271334%27%20fill-opacity%3D%220%22%2F%3E%3C%2Fsvg%3E\" data-srcset=\"https:\/\/grandtour.art\/wp-content\/uploads\/2025\/10\/Grand-Tour-6143-HD-200x133.jpg 200w, https:\/\/grandtour.art\/wp-content\/uploads\/2025\/10\/Grand-Tour-6143-HD-400x267.jpg 400w, https:\/\/grandtour.art\/wp-content\/uploads\/2025\/10\/Grand-Tour-6143-HD-600x400.jpg 600w, https:\/\/grandtour.art\/wp-content\/uploads\/2025\/10\/Grand-Tour-6143-HD-800x534.jpg 800w, https:\/\/grandtour.art\/wp-content\/uploads\/2025\/10\/Grand-Tour-6143-HD-1200x800.jpg 1200w, https:\/\/grandtour.art\/wp-content\/uploads\/2025\/10\/Grand-Tour-6143-HD.jpg 2000w\" data-sizes=\"auto\" data-orig-sizes=\"(max-width: 640px) 100vw, 1200px\" \/><\/span><\/div><div class=\"fusion-text fusion-text-2 fusion-text-no-margin\" style=\"--awb-font-size:20px;--awb-letter-spacing:0.3px;--awb-margin-right:40PX;--awb-margin-bottom:20px;--awb-text-font-family:&quot;akzidenz grotesk&quot;;--awb-text-font-style:normal;--awb-text-font-weight:400;\"><p>Grand Tour a \u00e9t\u00e9 con\u00e7u comme un espace d&rsquo;exposition \u00ab\u00a0hors site\u00a0\u00bb mis \u00e0 la disposition des galeries pour diversifier leurs canaux de diffusion et atteindre de nouveaux publics. Ni galerie ni foire, Grand Tour est un format hybride et innovant fond\u00e9 par Alexandre Chastel et Hugo Giacometti &#8211; respectivement fondateur et associ\u00e9 g\u00e9rant d&rsquo;Artquire, une soci\u00e9t\u00e9 sp\u00e9cialis\u00e9e dans la location d&rsquo;\u0153uvres d&rsquo;art. Manon Canto dirige et anime l&rsquo;espace, con\u00e7u pour repousser les limites du march\u00e9 de l&rsquo;art et favoriser des connexions durables entre tous ses acteurs.<br \/>Inspir\u00e9 par le Grand Tour de la Renaissance italienne &#8211; le voyage formateur qui a donn\u00e9 son nom \u00e0 l&rsquo;espace &#8211; Grand Tour poursuivra son d\u00e9veloppement \u00e0 travers l&rsquo;Europe, avec des ouvertures prochaines \u00e0 Milan et \u00e0 Berlin.  <\/p>\n<\/div><\/div><\/div><\/div><\/div>\n","protected":false},"excerpt":{"rendered":"","protected":false},"author":1,"featured_media":0,"parent":0,"menu_order":0,"comment_status":"closed","ping_status":"open","template":"100-width.php","meta":{"footnotes":""},"class_list":["post-244","page","type-page","status-publish","hentry"],"yoast_head":"<!-- This site is optimized with the Yoast SEO plugin v27.6 - https:\/\/yoast.com\/product\/yoast-seo-wordpress\/ -->\n<title>\u00c0 propos - GrandTour<\/title>\n<meta name=\"robots\" content=\"index, follow, max-snippet:-1, max-image-preview:large, max-video-preview:-1\" \/>\n<link rel=\"canonical\" href=\"https:\/\/grandtour.art\/fr\/a-propos-de\/\" \/>\n<meta property=\"og:locale\" content=\"fr_FR\" \/>\n<meta property=\"og:type\" content=\"article\" \/>\n<meta property=\"og:title\" content=\"\u00c0 propos - GrandTour\" \/>\n<meta property=\"og:url\" content=\"https:\/\/grandtour.art\/fr\/a-propos-de\/\" \/>\n<meta property=\"og:site_name\" content=\"GrandTour\" \/>\n<meta property=\"article:modified_time\" content=\"2025-10-27T10:06:59+00:00\" \/>\n<meta name=\"twitter:card\" content=\"summary_large_image\" \/>\n<meta name=\"twitter:label1\" content=\"Dur\u00e9e de lecture estim\u00e9e\" \/>\n\t<meta name=\"twitter:data1\" content=\"9 minutes\" \/>\n<script type=\"application\/ld+json\" class=\"yoast-schema-graph\">{\"@context\":\"https:\\\/\\\/schema.org\",\"@graph\":[{\"@type\":\"WebPage\",\"@id\":\"https:\\\/\\\/grandtour.art\\\/fr\\\/a-propos-de\\\/\",\"url\":\"https:\\\/\\\/grandtour.art\\\/fr\\\/a-propos-de\\\/\",\"name\":\"\u00c0 propos - GrandTour\",\"isPartOf\":{\"@id\":\"https:\\\/\\\/grandtour.art\\\/#website\"},\"datePublished\":\"2025-05-20T07:28:00+00:00\",\"dateModified\":\"2025-10-27T10:06:59+00:00\",\"breadcrumb\":{\"@id\":\"https:\\\/\\\/grandtour.art\\\/fr\\\/a-propos-de\\\/#breadcrumb\"},\"inLanguage\":\"fr-FR\",\"potentialAction\":[{\"@type\":\"ReadAction\",\"target\":[\"https:\\\/\\\/grandtour.art\\\/fr\\\/a-propos-de\\\/\"]}]},{\"@type\":\"BreadcrumbList\",\"@id\":\"https:\\\/\\\/grandtour.art\\\/fr\\\/a-propos-de\\\/#breadcrumb\",\"itemListElement\":[{\"@type\":\"ListItem\",\"position\":1,\"name\":\"Home\",\"item\":\"https:\\\/\\\/grandtour.art\\\/fr\\\/\"},{\"@type\":\"ListItem\",\"position\":2,\"name\":\"\u00c0 propos\"}]},{\"@type\":\"WebSite\",\"@id\":\"https:\\\/\\\/grandtour.art\\\/#website\",\"url\":\"https:\\\/\\\/grandtour.art\\\/\",\"name\":\"GrandTour\",\"description\":\"\",\"potentialAction\":[{\"@type\":\"SearchAction\",\"target\":{\"@type\":\"EntryPoint\",\"urlTemplate\":\"https:\\\/\\\/grandtour.art\\\/?s={search_term_string}\"},\"query-input\":{\"@type\":\"PropertyValueSpecification\",\"valueRequired\":true,\"valueName\":\"search_term_string\"}}],\"inLanguage\":\"fr-FR\"}]}<\/script>\n<!-- \/ Yoast SEO plugin. -->","yoast_head_json":{"title":"\u00c0 propos - GrandTour","robots":{"index":"index","follow":"follow","max-snippet":"max-snippet:-1","max-image-preview":"max-image-preview:large","max-video-preview":"max-video-preview:-1"},"canonical":"https:\/\/grandtour.art\/fr\/a-propos-de\/","og_locale":"fr_FR","og_type":"article","og_title":"\u00c0 propos - GrandTour","og_url":"https:\/\/grandtour.art\/fr\/a-propos-de\/","og_site_name":"GrandTour","article_modified_time":"2025-10-27T10:06:59+00:00","twitter_card":"summary_large_image","twitter_misc":{"Dur\u00e9e de lecture estim\u00e9e":"9 minutes"},"schema":{"@context":"https:\/\/schema.org","@graph":[{"@type":"WebPage","@id":"https:\/\/grandtour.art\/fr\/a-propos-de\/","url":"https:\/\/grandtour.art\/fr\/a-propos-de\/","name":"\u00c0 propos - GrandTour","isPartOf":{"@id":"https:\/\/grandtour.art\/#website"},"datePublished":"2025-05-20T07:28:00+00:00","dateModified":"2025-10-27T10:06:59+00:00","breadcrumb":{"@id":"https:\/\/grandtour.art\/fr\/a-propos-de\/#breadcrumb"},"inLanguage":"fr-FR","potentialAction":[{"@type":"ReadAction","target":["https:\/\/grandtour.art\/fr\/a-propos-de\/"]}]},{"@type":"BreadcrumbList","@id":"https:\/\/grandtour.art\/fr\/a-propos-de\/#breadcrumb","itemListElement":[{"@type":"ListItem","position":1,"name":"Home","item":"https:\/\/grandtour.art\/fr\/"},{"@type":"ListItem","position":2,"name":"\u00c0 propos"}]},{"@type":"WebSite","@id":"https:\/\/grandtour.art\/#website","url":"https:\/\/grandtour.art\/","name":"GrandTour","description":"","potentialAction":[{"@type":"SearchAction","target":{"@type":"EntryPoint","urlTemplate":"https:\/\/grandtour.art\/?s={search_term_string}"},"query-input":{"@type":"PropertyValueSpecification","valueRequired":true,"valueName":"search_term_string"}}],"inLanguage":"fr-FR"}]}},"_links":{"self":[{"href":"https:\/\/grandtour.art\/fr\/wp-json\/wp\/v2\/pages\/244","targetHints":{"allow":["GET"]}}],"collection":[{"href":"https:\/\/grandtour.art\/fr\/wp-json\/wp\/v2\/pages"}],"about":[{"href":"https:\/\/grandtour.art\/fr\/wp-json\/wp\/v2\/types\/page"}],"author":[{"embeddable":true,"href":"https:\/\/grandtour.art\/fr\/wp-json\/wp\/v2\/users\/1"}],"replies":[{"embeddable":true,"href":"https:\/\/grandtour.art\/fr\/wp-json\/wp\/v2\/comments?post=244"}],"version-history":[{"count":16,"href":"https:\/\/grandtour.art\/fr\/wp-json\/wp\/v2\/pages\/244\/revisions"}],"predecessor-version":[{"id":1045,"href":"https:\/\/grandtour.art\/fr\/wp-json\/wp\/v2\/pages\/244\/revisions\/1045"}],"wp:attachment":[{"href":"https:\/\/grandtour.art\/fr\/wp-json\/wp\/v2\/media?parent=244"}],"curies":[{"name":"wp","href":"https:\/\/api.w.org\/{rel}","templated":true}]}}