{"id":256,"date":"2025-05-19T15:50:22","date_gmt":"2025-05-19T13:50:22","guid":{"rendered":"https:\/\/grandtour.art\/surface\/"},"modified":"2025-12-15T17:14:56","modified_gmt":"2025-12-15T15:14:56","slug":"surface","status":"publish","type":"page","link":"https:\/\/grandtour.art\/fr\/surface\/","title":{"rendered":"Surface"},"content":{"rendered":"<div class=\"fusion-fullwidth fullwidth-box fusion-builder-row-1 fusion-flex-container has-pattern-background has-mask-background nonhundred-percent-fullwidth non-hundred-percent-height-scrolling\" style=\"--awb-border-radius-top-left:0px;--awb-border-radius-top-right:0px;--awb-border-radius-bottom-right:0px;--awb-border-radius-bottom-left:0px;--awb-padding-right:70px;--awb-padding-left:70px;--awb-padding-right-small:25px;--awb-padding-left-small:25px;--awb-margin-top:0px;--awb-min-height:85vh;--awb-flex-wrap:wrap;\" ><div class=\"fusion-builder-row fusion-row fusion-flex-align-items-flex-start fusion-flex-align-content-center fusion-flex-content-wrap\" style=\"max-width:1248px;margin-left: calc(-4% \/ 2 );margin-right: calc(-4% \/ 2 );\"><div class=\"fusion-layout-column fusion_builder_column fusion-builder-column-0 fusion_builder_column_1_1 1_1 fusion-flex-column\" style=\"--awb-padding-top:80px;--awb-padding-top-small:120px;--awb-padding-right-small:15px;--awb-bg-size:cover;--awb-width-large:100%;--awb-margin-top-large:0px;--awb-spacing-right-large:1.92%;--awb-margin-bottom-large:0px;--awb-spacing-left-large:1.92%;--awb-width-medium:100%;--awb-order-medium:0;--awb-spacing-right-medium:1.92%;--awb-spacing-left-medium:1.92%;--awb-width-small:100%;--awb-order-small:0;--awb-spacing-right-small:1.92%;--awb-spacing-left-small:1.92%;\"><div class=\"fusion-column-wrapper fusion-column-has-shadow fusion-flex-justify-content-flex-start fusion-content-layout-column\"><div class=\"fusion-text fusion-text-1 fusion-text-no-margin\" style=\"--awb-font-size:20px;--awb-letter-spacing:0.3px;--awb-margin-bottom:20px;--awb-text-font-family:&quot;akzidenz grotesk&quot;;--awb-text-font-style:normal;--awb-text-font-weight:400;\"><p>Surface<br \/>22.05-19.06<\/p>\n<\/div><div class=\"fusion-title title fusion-title-1 fusion-sep-none fusion-title-text fusion-title-size-one\" style=\"--awb-margin-top-small:10px;--awb-margin-right-small:0px;--awb-margin-bottom-small:10px;--awb-margin-left-small:0px;--awb-font-size:20px;\"><h1 class=\"fusion-title-heading title-heading-left fusion-responsive-typography-calculated\" style=\"font-family:&quot;akzidenz grotesk&quot;;font-style:normal;font-weight:400;margin:0;letter-spacing:0.3px;font-size:1em;--fontSize:20;line-height:var(--awb-typography1-line-height);\"><\/h1><\/div><div class=\"fusion-text fusion-text-2 fusion-text-no-margin\" style=\"--awb-font-size:20px;--awb-letter-spacing:0px;--awb-margin-bottom:20px;--awb-text-font-family:&quot;akzidenz grotesk&quot;;--awb-text-font-style:normal;--awb-text-font-weight:400;\"><p>L&rsquo;exposition est pr\u00e9sent\u00e9e en collaboration avec Pal Project, Romero Paprocki, la Galerie ETC et la Galerie Paradis.<br \/>Grand Tour est situ\u00e9 123, rue de Turenne, Paris 3 et est ouvert du mardi au samedi de 11h \u00e0 18h.<\/p>\n<\/div><div class=\"fusion-image-element \" style=\"--awb-margin-top:20px;--awb-margin-bottom:20px;--awb-max-width:700px;--awb-caption-title-font-family:var(--h2_typography-font-family);--awb-caption-title-font-weight:var(--h2_typography-font-weight);--awb-caption-title-font-style:var(--h2_typography-font-style);--awb-caption-title-size:var(--h2_typography-font-size);--awb-caption-title-transform:var(--h2_typography-text-transform);--awb-caption-title-line-height:var(--h2_typography-line-height);--awb-caption-title-letter-spacing:var(--h2_typography-letter-spacing);\"><span class=\" fusion-imageframe imageframe-none imageframe-1 hover-type-none\"><img decoding=\"async\" width=\"1920\" height=\"1281\" title=\"Grand Tour-5779 &#8211; HD\" src=\"https:\/\/grandtour.art\/wp-content\/uploads\/2025\/05\/Grand-Tour-5779-HD.jpg\" data-orig-src=\"https:\/\/grandtour.art\/wp-content\/uploads\/2025\/05\/Grand-Tour-5779-HD.jpg\" alt class=\"lazyload img-responsive wp-image-232\" srcset=\"data:image\/svg+xml,%3Csvg%20xmlns%3D%27http%3A%2F%2Fwww.w3.org%2F2000%2Fsvg%27%20width%3D%271920%27%20height%3D%271281%27%20viewBox%3D%270%200%201920%201281%27%3E%3Crect%20width%3D%271920%27%20height%3D%271281%27%20fill-opacity%3D%220%22%2F%3E%3C%2Fsvg%3E\" data-srcset=\"https:\/\/grandtour.art\/wp-content\/uploads\/2025\/05\/Grand-Tour-5779-HD-200x133.jpg 200w, https:\/\/grandtour.art\/wp-content\/uploads\/2025\/05\/Grand-Tour-5779-HD-400x267.jpg 400w, https:\/\/grandtour.art\/wp-content\/uploads\/2025\/05\/Grand-Tour-5779-HD-600x400.jpg 600w, https:\/\/grandtour.art\/wp-content\/uploads\/2025\/05\/Grand-Tour-5779-HD-800x534.jpg 800w, https:\/\/grandtour.art\/wp-content\/uploads\/2025\/05\/Grand-Tour-5779-HD-1200x801.jpg 1200w, https:\/\/grandtour.art\/wp-content\/uploads\/2025\/05\/Grand-Tour-5779-HD.jpg 1920w\" data-sizes=\"auto\" data-orig-sizes=\"(max-width: 640px) 100vw, 1200px\" \/><\/span><\/div><div class=\"fusion-text fusion-text-3 fusion-text-no-margin\" style=\"--awb-font-size:20px;--awb-letter-spacing:0.3px;--awb-margin-top:20px;--awb-margin-bottom:20px;--awb-text-font-family:&quot;akzidenz grotesk&quot;;--awb-text-font-style:normal;--awb-text-font-weight:400;\"><p>Lina Ben Rejeb<br \/>Marion Flament<br \/>Matisse Mesnil<br \/>Emmanuelle Leblanc<br \/>Lisa Ouakil<br \/>Ugo S\u00e9basti\u00e3o<br data-start=\"71\" data-end=\"74\">Lou Ros<br data-start=\"81\" data-end=\"84\">Stan Van Steendam<br data-start=\"101\" data-end=\"104\">Max Wechsler<\/p>\n<\/div><div class=\"fusion-text fusion-text-4 fusion-text-no-margin\" style=\"--awb-font-size:20px;--awb-letter-spacing:0.3px;--awb-margin-right:40PX;--awb-margin-bottom:20px;--awb-text-font-family:&quot;akzidenz grotesk&quot;;--awb-text-font-style:normal;--awb-text-font-weight:400;\"><p>Vers une nouvelle mat\u00e9rialit\u00e9 de l&rsquo;image.<\/p>\n<p>\u00c0 une \u00e9poque o\u00f9 la peinture semble avoir tout dit, une nouvelle g\u00e9n\u00e9ration d&rsquo;artistes insuffle une nouvelle vie au m\u00e9dium en modifiant radicalement ses fondements. H\u00e9ritiers des exp\u00e9riences de Supports\/Surfaces et de l&rsquo;Arte Povera, mais \u00e9galement marqu\u00e9s par la pens\u00e9e de Georges Didi-Huberman, Jacques Ranci\u00e8re et Gilles Deleuze, ils revisitent l&rsquo;histoire de la surface picturale pour en proposer une lecture plus large, plus sensible et plus contemporaine.<\/p>\n<p>Cette \u00ab g\u00e9n\u00e9ration de la surface \u00bb, incarn\u00e9e par Matisse Mesnil, Marion Flament, Lou Ros, Stan Van Steendam, Ugo S\u00e9basti\u00e3o, Lisa Ouakil, Lina Ben Rejeb et Emmanuelle Leblanc, ne se contente pas de remettre en question ce que nous voyons, mais surtout la mani\u00e8re dont nous voyons. Leur travail refl\u00e8te une conception du visible en tant que mat\u00e9riau en mouvement. Il ne s&rsquo;agit plus de repr\u00e9sentation, mais d&rsquo;apparence, de rendre l&rsquo;image perceptible dans ses dimensions sensorielles et perceptuelles.<\/p>\n<\/div><div class=\"fusion-image-element \" style=\"--awb-margin-top:20px;--awb-margin-bottom:20px;--awb-max-width:700px;--awb-caption-title-font-family:var(--h2_typography-font-family);--awb-caption-title-font-weight:var(--h2_typography-font-weight);--awb-caption-title-font-style:var(--h2_typography-font-style);--awb-caption-title-size:var(--h2_typography-font-size);--awb-caption-title-transform:var(--h2_typography-text-transform);--awb-caption-title-line-height:var(--h2_typography-line-height);--awb-caption-title-letter-spacing:var(--h2_typography-letter-spacing);\"><span class=\" fusion-imageframe imageframe-none imageframe-2 hover-type-none\"><img decoding=\"async\" width=\"1920\" height=\"1281\" title=\"Grand Tour-6886 &#8211; HD\" src=\"https:\/\/grandtour.art\/wp-content\/uploads\/2025\/05\/Grand-Tour-6886-HD.jpg\" data-orig-src=\"https:\/\/grandtour.art\/wp-content\/uploads\/2025\/05\/Grand-Tour-6886-HD.jpg\" alt class=\"lazyload img-responsive wp-image-230\" srcset=\"data:image\/svg+xml,%3Csvg%20xmlns%3D%27http%3A%2F%2Fwww.w3.org%2F2000%2Fsvg%27%20width%3D%271920%27%20height%3D%271281%27%20viewBox%3D%270%200%201920%201281%27%3E%3Crect%20width%3D%271920%27%20height%3D%271281%27%20fill-opacity%3D%220%22%2F%3E%3C%2Fsvg%3E\" data-srcset=\"https:\/\/grandtour.art\/wp-content\/uploads\/2025\/05\/Grand-Tour-6886-HD-200x133.jpg 200w, https:\/\/grandtour.art\/wp-content\/uploads\/2025\/05\/Grand-Tour-6886-HD-400x267.jpg 400w, https:\/\/grandtour.art\/wp-content\/uploads\/2025\/05\/Grand-Tour-6886-HD-600x400.jpg 600w, https:\/\/grandtour.art\/wp-content\/uploads\/2025\/05\/Grand-Tour-6886-HD-800x534.jpg 800w, https:\/\/grandtour.art\/wp-content\/uploads\/2025\/05\/Grand-Tour-6886-HD-1200x801.jpg 1200w, https:\/\/grandtour.art\/wp-content\/uploads\/2025\/05\/Grand-Tour-6886-HD.jpg 1920w\" data-sizes=\"auto\" data-orig-sizes=\"(max-width: 640px) 100vw, 1200px\" \/><\/span><\/div><div class=\"fusion-text fusion-text-5 fusion-text-no-margin\" style=\"--awb-font-size:20px;--awb-letter-spacing:0.3px;--awb-margin-right:40PX;--awb-margin-bottom:20px;--awb-text-font-family:&quot;akzidenz grotesk&quot;;--awb-text-font-style:normal;--awb-text-font-weight:400;\"><p>La m\u00e9moire, individuelle et collective, devient un mat\u00e9riau \u00e0 part enti\u00e8re : une m\u00e9moire non lin\u00e9aire compos\u00e9e de couches superpos\u00e9es, d&rsquo;effacements, de traces et de r\u00e9surgences. Pour Matisse Mesnil, elle est au c\u0153ur de sa pratique : ses \u0153uvres apparaissent comme des palimpsestes, o\u00f9 chaque geste recouvre sans jamais effacer. Lou Ros aborde la peinture comme on d\u00e9terre un souvenir : par strates, comme une figure qui \u00e9merge des profondeurs d&rsquo;un r\u00eave&#8230;<\/p>\n<p data-start=\"57\" data-end=\"1064\">Dans le travail de Marion Flament, la lumi\u00e8re r\u00e9active des formes enfouies, des images mentales et des souvenirs sensoriels des espaces domestiques. Ugo S\u00e9basti\u00e3o inscrit le volume dans la m\u00e9moire du geste : ses peintures explorent la fa\u00e7on dont le corps se souvient, comment il archive les mouvements, les pressions et les tensions. Lisa Ouakil construit une peinture fragmentaire, o\u00f9 chaque forme semble \u00e9merger d&rsquo;un alphabet oubli\u00e9 ou d&rsquo;une histoire \u00e0 reconstruire. Emmanuelle Leblanc, quant \u00e0 elle, explore la m\u00e9moire du silence, une peinture sourde et t\u00e9nue qui invite l&rsquo;\u0153il \u00e0 ralentir, \u00e0 se rappeler comment voir.<\/p>\n<\/div><div class=\"fusion-image-element \" style=\"--awb-margin-top:20px;--awb-margin-bottom:20px;--awb-max-width:700px;--awb-caption-title-font-family:var(--h2_typography-font-family);--awb-caption-title-font-weight:var(--h2_typography-font-weight);--awb-caption-title-font-style:var(--h2_typography-font-style);--awb-caption-title-size:var(--h2_typography-font-size);--awb-caption-title-transform:var(--h2_typography-text-transform);--awb-caption-title-line-height:var(--h2_typography-line-height);--awb-caption-title-letter-spacing:var(--h2_typography-letter-spacing);\"><span class=\" fusion-imageframe imageframe-none imageframe-3 hover-type-none\"><img decoding=\"async\" width=\"1920\" height=\"1281\" title=\"Grand Tour-6044 &#8211; HD\" src=\"https:\/\/grandtour.art\/wp-content\/uploads\/2025\/05\/Grand-Tour-6044-HD.jpg\" data-orig-src=\"https:\/\/grandtour.art\/wp-content\/uploads\/2025\/05\/Grand-Tour-6044-HD.jpg\" alt class=\"lazyload img-responsive wp-image-231\" srcset=\"data:image\/svg+xml,%3Csvg%20xmlns%3D%27http%3A%2F%2Fwww.w3.org%2F2000%2Fsvg%27%20width%3D%271920%27%20height%3D%271281%27%20viewBox%3D%270%200%201920%201281%27%3E%3Crect%20width%3D%271920%27%20height%3D%271281%27%20fill-opacity%3D%220%22%2F%3E%3C%2Fsvg%3E\" data-srcset=\"https:\/\/grandtour.art\/wp-content\/uploads\/2025\/05\/Grand-Tour-6044-HD-200x133.jpg 200w, https:\/\/grandtour.art\/wp-content\/uploads\/2025\/05\/Grand-Tour-6044-HD-400x267.jpg 400w, https:\/\/grandtour.art\/wp-content\/uploads\/2025\/05\/Grand-Tour-6044-HD-600x400.jpg 600w, https:\/\/grandtour.art\/wp-content\/uploads\/2025\/05\/Grand-Tour-6044-HD-800x534.jpg 800w, https:\/\/grandtour.art\/wp-content\/uploads\/2025\/05\/Grand-Tour-6044-HD-1200x801.jpg 1200w, https:\/\/grandtour.art\/wp-content\/uploads\/2025\/05\/Grand-Tour-6044-HD.jpg 1920w\" data-sizes=\"auto\" data-orig-sizes=\"(max-width: 640px) 100vw, 1200px\" \/><\/span><\/div><div class=\"fusion-text fusion-text-6 fusion-text-no-margin\" style=\"--awb-font-size:20px;--awb-letter-spacing:0.3px;--awb-margin-right:40PX;--awb-margin-bottom:20px;--awb-text-font-family:&quot;akzidenz grotesk&quot;;--awb-text-font-style:normal;--awb-text-font-weight:400;\"><p>Stan Van Steendam donne forme \u00e0 une m\u00e9moire g\u00e9ologique : ses surfaces \u00e9voquent les strates du temps, les couches s\u00e9diment\u00e9es de notre exp\u00e9rience du monde. Lina Ben Rejeb, par une approche m\u00e9ditative et minimaliste, explore une m\u00e9moire du vide, de la puret\u00e9, de ce qui reste quand tout a \u00e9t\u00e9 d\u00e9pouill\u00e9.<\/p>\n<p data-start=\"57\" data-end=\"1064\">En \u00e9cho \u00e0 cette g\u00e9n\u00e9ration \u00e9mergente, Max Wechsler, figure bien \u00e9tablie de la sc\u00e8ne fran\u00e7aise, d\u00e9ploie un travail rigoureusement conceptuel o\u00f9 texte et mati\u00e8re s&rsquo;entrem\u00ealent.<\/p>\n<\/div><div class=\"fusion-image-element \" style=\"--awb-margin-top:20px;--awb-margin-bottom:20px;--awb-max-width:700px;--awb-caption-title-font-family:var(--h2_typography-font-family);--awb-caption-title-font-weight:var(--h2_typography-font-weight);--awb-caption-title-font-style:var(--h2_typography-font-style);--awb-caption-title-size:var(--h2_typography-font-size);--awb-caption-title-transform:var(--h2_typography-text-transform);--awb-caption-title-line-height:var(--h2_typography-line-height);--awb-caption-title-letter-spacing:var(--h2_typography-letter-spacing);\"><span class=\" fusion-imageframe imageframe-none imageframe-4 hover-type-none\"><img decoding=\"async\" width=\"2000\" height=\"1334\" title=\"Grand Tour-6192-V2\" src=\"https:\/\/grandtour.art\/wp-content\/uploads\/2025\/05\/Grand-Tour-6192-V2.jpg\" data-orig-src=\"https:\/\/grandtour.art\/wp-content\/uploads\/2025\/05\/Grand-Tour-6192-V2.jpg\" alt class=\"lazyload img-responsive wp-image-432\" srcset=\"data:image\/svg+xml,%3Csvg%20xmlns%3D%27http%3A%2F%2Fwww.w3.org%2F2000%2Fsvg%27%20width%3D%272000%27%20height%3D%271334%27%20viewBox%3D%270%200%202000%201334%27%3E%3Crect%20width%3D%272000%27%20height%3D%271334%27%20fill-opacity%3D%220%22%2F%3E%3C%2Fsvg%3E\" data-srcset=\"https:\/\/grandtour.art\/wp-content\/uploads\/2025\/05\/Grand-Tour-6192-V2-200x133.jpg 200w, https:\/\/grandtour.art\/wp-content\/uploads\/2025\/05\/Grand-Tour-6192-V2-400x267.jpg 400w, https:\/\/grandtour.art\/wp-content\/uploads\/2025\/05\/Grand-Tour-6192-V2-600x400.jpg 600w, https:\/\/grandtour.art\/wp-content\/uploads\/2025\/05\/Grand-Tour-6192-V2-800x534.jpg 800w, https:\/\/grandtour.art\/wp-content\/uploads\/2025\/05\/Grand-Tour-6192-V2-1200x800.jpg 1200w, https:\/\/grandtour.art\/wp-content\/uploads\/2025\/05\/Grand-Tour-6192-V2.jpg 2000w\" data-sizes=\"auto\" data-orig-sizes=\"(max-width: 640px) 100vw, 1200px\" \/><\/span><\/div><div class=\"fusion-text fusion-text-7 fusion-text-no-margin\" style=\"--awb-font-size:20px;--awb-letter-spacing:0.3px;--awb-margin-right:40PX;--awb-margin-bottom:20px;--awb-text-font-family:&quot;akzidenz grotesk&quot;;--awb-text-font-style:normal;--awb-text-font-weight:400;\"><p>Il ne s&rsquo;agit pas d&rsquo;un manifeste. Cette exposition est un territoire mouvant, une zone de friction entre les disciplines, un espace exp\u00e9rimental dans lequel l&rsquo;image est reconfigur\u00e9e, non pas en tant qu&rsquo;image-ic\u00f4ne, mais en tant qu&rsquo;image-mat\u00e9riau. Une peinture o\u00f9 la m\u00e9moire est \u00e0 l&rsquo;\u0153uvre : m\u00e9moire du geste, m\u00e9moire de la forme, m\u00e9moire de la disparition.<\/p>\n<p><br data-start=\"362\" data-end=\"365\">&#8211; Manon Canto<\/p>\n<\/div><\/div><\/div><\/div><\/div>\n","protected":false},"excerpt":{"rendered":"","protected":false},"author":1,"featured_media":0,"parent":0,"menu_order":0,"comment_status":"closed","ping_status":"open","template":"100-width.php","meta":{"footnotes":""},"class_list":["post-256","page","type-page","status-publish","hentry"],"yoast_head":"<!-- This site is optimized with the Yoast SEO plugin v27.5 - https:\/\/yoast.com\/product\/yoast-seo-wordpress\/ -->\n<title>Surface - GrandTour<\/title>\n<meta name=\"robots\" content=\"index, follow, max-snippet:-1, max-image-preview:large, max-video-preview:-1\" \/>\n<link rel=\"canonical\" href=\"https:\/\/grandtour.art\/fr\/surface\/\" \/>\n<meta property=\"og:locale\" content=\"fr_FR\" \/>\n<meta property=\"og:type\" content=\"article\" \/>\n<meta property=\"og:title\" content=\"Surface - GrandTour\" \/>\n<meta property=\"og:url\" content=\"https:\/\/grandtour.art\/fr\/surface\/\" \/>\n<meta property=\"og:site_name\" content=\"GrandTour\" \/>\n<meta property=\"article:modified_time\" content=\"2025-12-15T15:14:56+00:00\" \/>\n<meta name=\"twitter:card\" content=\"summary_large_image\" \/>\n<meta name=\"twitter:label1\" content=\"Dur\u00e9e de lecture estim\u00e9e\" \/>\n\t<meta name=\"twitter:data1\" content=\"4 minutes\" \/>\n<script type=\"application\/ld+json\" class=\"yoast-schema-graph\">{\"@context\":\"https:\\\/\\\/schema.org\",\"@graph\":[{\"@type\":\"WebPage\",\"@id\":\"https:\\\/\\\/grandtour.art\\\/fr\\\/surface\\\/\",\"url\":\"https:\\\/\\\/grandtour.art\\\/fr\\\/surface\\\/\",\"name\":\"Surface - GrandTour\",\"isPartOf\":{\"@id\":\"https:\\\/\\\/grandtour.art\\\/#website\"},\"datePublished\":\"2025-05-19T13:50:22+00:00\",\"dateModified\":\"2025-12-15T15:14:56+00:00\",\"breadcrumb\":{\"@id\":\"https:\\\/\\\/grandtour.art\\\/fr\\\/surface\\\/#breadcrumb\"},\"inLanguage\":\"fr-FR\",\"potentialAction\":[{\"@type\":\"ReadAction\",\"target\":[\"https:\\\/\\\/grandtour.art\\\/fr\\\/surface\\\/\"]}]},{\"@type\":\"BreadcrumbList\",\"@id\":\"https:\\\/\\\/grandtour.art\\\/fr\\\/surface\\\/#breadcrumb\",\"itemListElement\":[{\"@type\":\"ListItem\",\"position\":1,\"name\":\"Home\",\"item\":\"https:\\\/\\\/grandtour.art\\\/fr\\\/\"},{\"@type\":\"ListItem\",\"position\":2,\"name\":\"Surface\"}]},{\"@type\":\"WebSite\",\"@id\":\"https:\\\/\\\/grandtour.art\\\/#website\",\"url\":\"https:\\\/\\\/grandtour.art\\\/\",\"name\":\"GrandTour\",\"description\":\"\",\"potentialAction\":[{\"@type\":\"SearchAction\",\"target\":{\"@type\":\"EntryPoint\",\"urlTemplate\":\"https:\\\/\\\/grandtour.art\\\/?s={search_term_string}\"},\"query-input\":{\"@type\":\"PropertyValueSpecification\",\"valueRequired\":true,\"valueName\":\"search_term_string\"}}],\"inLanguage\":\"fr-FR\"}]}<\/script>\n<!-- \/ Yoast SEO plugin. -->","yoast_head_json":{"title":"Surface - GrandTour","robots":{"index":"index","follow":"follow","max-snippet":"max-snippet:-1","max-image-preview":"max-image-preview:large","max-video-preview":"max-video-preview:-1"},"canonical":"https:\/\/grandtour.art\/fr\/surface\/","og_locale":"fr_FR","og_type":"article","og_title":"Surface - GrandTour","og_url":"https:\/\/grandtour.art\/fr\/surface\/","og_site_name":"GrandTour","article_modified_time":"2025-12-15T15:14:56+00:00","twitter_card":"summary_large_image","twitter_misc":{"Dur\u00e9e de lecture estim\u00e9e":"4 minutes"},"schema":{"@context":"https:\/\/schema.org","@graph":[{"@type":"WebPage","@id":"https:\/\/grandtour.art\/fr\/surface\/","url":"https:\/\/grandtour.art\/fr\/surface\/","name":"Surface - GrandTour","isPartOf":{"@id":"https:\/\/grandtour.art\/#website"},"datePublished":"2025-05-19T13:50:22+00:00","dateModified":"2025-12-15T15:14:56+00:00","breadcrumb":{"@id":"https:\/\/grandtour.art\/fr\/surface\/#breadcrumb"},"inLanguage":"fr-FR","potentialAction":[{"@type":"ReadAction","target":["https:\/\/grandtour.art\/fr\/surface\/"]}]},{"@type":"BreadcrumbList","@id":"https:\/\/grandtour.art\/fr\/surface\/#breadcrumb","itemListElement":[{"@type":"ListItem","position":1,"name":"Home","item":"https:\/\/grandtour.art\/fr\/"},{"@type":"ListItem","position":2,"name":"Surface"}]},{"@type":"WebSite","@id":"https:\/\/grandtour.art\/#website","url":"https:\/\/grandtour.art\/","name":"GrandTour","description":"","potentialAction":[{"@type":"SearchAction","target":{"@type":"EntryPoint","urlTemplate":"https:\/\/grandtour.art\/?s={search_term_string}"},"query-input":{"@type":"PropertyValueSpecification","valueRequired":true,"valueName":"search_term_string"}}],"inLanguage":"fr-FR"}]}},"_links":{"self":[{"href":"https:\/\/grandtour.art\/fr\/wp-json\/wp\/v2\/pages\/256","targetHints":{"allow":["GET"]}}],"collection":[{"href":"https:\/\/grandtour.art\/fr\/wp-json\/wp\/v2\/pages"}],"about":[{"href":"https:\/\/grandtour.art\/fr\/wp-json\/wp\/v2\/types\/page"}],"author":[{"embeddable":true,"href":"https:\/\/grandtour.art\/fr\/wp-json\/wp\/v2\/users\/1"}],"replies":[{"embeddable":true,"href":"https:\/\/grandtour.art\/fr\/wp-json\/wp\/v2\/comments?post=256"}],"version-history":[{"count":18,"href":"https:\/\/grandtour.art\/fr\/wp-json\/wp\/v2\/pages\/256\/revisions"}],"predecessor-version":[{"id":1153,"href":"https:\/\/grandtour.art\/fr\/wp-json\/wp\/v2\/pages\/256\/revisions\/1153"}],"wp:attachment":[{"href":"https:\/\/grandtour.art\/fr\/wp-json\/wp\/v2\/media?parent=256"}],"curies":[{"name":"wp","href":"https:\/\/api.w.org\/{rel}","templated":true}]}}