{"id":741,"date":"2025-06-24T09:34:56","date_gmt":"2025-06-24T07:34:56","guid":{"rendered":"https:\/\/grandtour.art\/mentions-legales\/"},"modified":"2025-07-02T14:07:56","modified_gmt":"2025-07-02T12:07:56","slug":"mentions-legales","status":"publish","type":"page","link":"https:\/\/grandtour.art\/fr\/mentions-legales\/","title":{"rendered":"Mentions L\u00e9gales"},"content":{"rendered":"<div class=\"fusion-fullwidth fullwidth-box fusion-builder-row-1 fusion-flex-container has-pattern-background has-mask-background nonhundred-percent-fullwidth non-hundred-percent-height-scrolling\" style=\"--awb-border-radius-top-left:0px;--awb-border-radius-top-right:0px;--awb-border-radius-bottom-right:0px;--awb-border-radius-bottom-left:0px;--awb-padding-right:70px;--awb-padding-left:70px;--awb-padding-right-small:25px;--awb-padding-left-small:25px;--awb-margin-top:0px;--awb-min-height:85vh;--awb-flex-wrap:wrap;\" ><div class=\"fusion-builder-row fusion-row fusion-flex-align-items-flex-start fusion-flex-align-content-center fusion-flex-content-wrap\" style=\"max-width:1248px;margin-left: calc(-4% \/ 2 );margin-right: calc(-4% \/ 2 );\"><div class=\"fusion-layout-column fusion_builder_column fusion-builder-column-0 fusion_builder_column_1_1 1_1 fusion-flex-column\" style=\"--awb-padding-top:80px;--awb-padding-top-small:120px;--awb-padding-right-small:15px;--awb-bg-size:cover;--awb-width-large:100%;--awb-margin-top-large:0px;--awb-spacing-right-large:1.92%;--awb-margin-bottom-large:0px;--awb-spacing-left-large:1.92%;--awb-width-medium:100%;--awb-order-medium:0;--awb-spacing-right-medium:1.92%;--awb-spacing-left-medium:1.92%;--awb-width-small:100%;--awb-order-small:0;--awb-spacing-right-small:1.92%;--awb-spacing-left-small:1.92%;\"><div class=\"fusion-column-wrapper fusion-column-has-shadow fusion-flex-justify-content-flex-start fusion-content-layout-column\"><div class=\"fusion-text fusion-text-1 fusion-text-no-margin\" style=\"--awb-font-size:20px;--awb-letter-spacing:0.3px;--awb-margin-bottom:20px;--awb-text-font-family:&quot;akzidenz grotesk&quot;;--awb-text-font-style:normal;--awb-text-font-weight:400;\"><p>Avis juridique &#8211; <span style=\"letter-spacing: 0.3px; background-color: rgba(0, 0, 0, 0);\">Grand Tour<\/span><\/p>\n<p>Informations g\u00e9n\u00e9rales sur Grand Tour<\/p>\n<p>Soci\u00e9t\u00e9 Grand Tour<\/p>\n<p>Si\u00e8ge social : Grand Tour 123 RUE DE TURENNE, 75003 PARIS France<\/p>\n<p>SIRET : 88013774000036<\/p>\n<p>Soci\u00e9t\u00e9 par actions simplifi\u00e9e au capital de 10 000 euros<\/p>\n<p>RCS : Paris B 880137740<\/p>\n<p>Responsable de la publication : Alexandre CHASTEL<\/p>\n<p>Le site grandtour.fr est h\u00e9berg\u00e9 par : OVH, 2 rue Kellermann &#8211; 59100 Roubaix &#8211; France<\/p>\n<\/p>\n<p><span style=\"letter-spacing: 0.3px; background-color: rgba(0, 0, 0, 0);\"><br \/><\/span><\/p>\n<p><i>Traitement de la gestion des formulaires<\/i><span style=\"letter-spacing: 0.3px; background-color: rgba(0, 0, 0, 0);\"><\/span><\/p>\n<p>Chaque formulaire du site artquire limite la collecte de donn\u00e9es personnelles \u00e0 ce qui est n\u00e9cessaire et indique notamment :<\/p>\n<p>&#8211; les finalit\u00e9s pour lesquelles les donn\u00e9es sont collect\u00e9es (finalit\u00e9s) ;<\/p>\n<p>&#8211; les raisons pour lesquelles nous collectons vos donn\u00e9es personnelles (l\u00e9galit\u00e9) ;<\/p>\n<p>&#8211; les int\u00e9r\u00eats l\u00e9gitimes que nous poursuivons, le cas \u00e9ch\u00e9ant ;<\/p>\n<p>&#8211; si les donn\u00e9es sont obligatoires ou facultatives pour la gestion de votre demande (les donn\u00e9es obligatoires sont signal\u00e9es par un ast\u00e9risque) ;<\/p>\n<p>&#8211; qui pourra y avoir acc\u00e8s (en principe, uniquement artquire, sauf si le formulaire pr\u00e9cise que la transmission \u00e0 un tiers est n\u00e9cessaire pour g\u00e9rer votre demande) ;<\/p>\n<p>&#8211; la dur\u00e9e de conservation des donn\u00e9es collect\u00e9es.<\/p>\n<p>Pour toute information ou pour exercer vos droits concernant le traitement des donn\u00e9es personnelles g\u00e9r\u00e9es par artquire, veuillez vous r\u00e9f\u00e9rer au paragraphe ci-dessous intitul\u00e9 \u00ab\u00a0Comment exercer vos droits\u00a0\u00bb.<\/p>\n<p><i>Traitement de la gestion de la relation client<\/i><\/p>\n<p>Dans le cadre de nos relations avec les entreprises clientes, nous pouvons \u00eatre amen\u00e9s \u00e0 collecter et \u00e0 utiliser des informations relatives aux personnes physiques qui sont des points de contact au sein de ces entreprises. Il peut s&rsquo;agir de donn\u00e9es d&rsquo;identification (nom, pr\u00e9nom, etc.) ou de donn\u00e9es relatives \u00e0 la vie professionnelle (num\u00e9ros de t\u00e9l\u00e9phone fixe et\/ou mobile, adresse \u00e9lectronique, etc.) <\/p>\n<p>Nous utilisons ces informations pour g\u00e9rer nos relations commerciales avec les entreprises clientes dans lesquelles vous travaillez.<\/p>\n<p>Ces informations sont mises \u00e0 jour en cas de changement : par exemple, l&rsquo;identit\u00e9 et les coordonn\u00e9es de la personne de contact peuvent changer si la personne dont les informations sont enregistr\u00e9es quitte l&rsquo;entreprise.<\/p>\n<p>Elles ne sont pas transmises \u00e0 des tiers.<\/p>\n<p><i>Cookies et mesure d&rsquo;audience<\/i><br \/>Un cookie est un fichier texte envoy\u00e9 \u00e0 votre navigateur par le site web que vous visitez. Ce cookie nous permet de stocker et de collecter des informations, par exemple pour savoir quelles pages vous avez visit\u00e9es, combien de temps vous \u00eates rest\u00e9 sur le site, sur quel(s) lien(s) vous avez cliqu\u00e9, combien de fois vous revenez sur le site, etc. <\/p>\n<p><i>S\u00e9curit\u00e9 du site et statistiques de trafic<br \/><\/i><span style=\"letter-spacing: 0.3px; background-color: rgba(0, 0, 0, 0);\">Lorsque vous naviguez sur ce site, votre navigateur transmet automatiquement des informations n\u00e9cessaires \u00e0 la navigation. Nous collectons les informations suivantes dans les journaux de connexion afin d&rsquo;am\u00e9liorer et de prot\u00e9ger notre site web : <\/span><\/p>\n<p>&#8211; Votre adresse IP<\/p>\n<p>&#8211; Date et heure des demandes<\/p>\n<p>&#8211; Demande de contenu<\/p>\n<p>&#8211; L&rsquo;origine de la demande<\/p>\n<p>&#8211; Quantit\u00e9 d&rsquo;informations transmises en r\u00e9ponse<\/p>\n<p>&#8211; Fuseau horaire<\/p>\n<p>&#8211; Informations telles que le syst\u00e8me d&rsquo;exploitation ou le type de navigateur utilis\u00e9<\/p>\n<p>&#8211; Langue et version du navigateur<\/p>\n<p>En vue d&rsquo;adapter le site aux besoins de ses visiteurs, nous mesurons \u00e9galement, sans que ces donn\u00e9es ne permettent de vous identifier, :<\/p>\n<p>&#8211; le nombre de visites,<\/p>\n<p>&#8211; le nombre de pages consult\u00e9es,<\/p>\n<p>&#8211; l&rsquo;activit\u00e9 des visiteurs du site et leur fr\u00e9quence de retour.<\/p>\n<p>Ces traitements sont bas\u00e9s sur notre int\u00e9r\u00eat l\u00e9gitime (article 6 \u00a71 f) RGPD) consistant \u00e0 permettre la navigation sur ce site, \u00e0 l&rsquo;am\u00e9liorer et \u00e0 en garantir la stabilit\u00e9 et la s\u00e9curit\u00e9.<\/p>\n<p><i>Quels sont vos droits ?<\/i><\/p>\n<p>Conform\u00e9ment au r\u00e8glement g\u00e9n\u00e9ral sur la protection des donn\u00e9es et \u00e0 la loi fran\u00e7aise sur la protection des donn\u00e9es, vous pouvez acc\u00e9der \u00e0 vos donn\u00e9es personnelles et\/ou en obtenir une copie.<br \/><span style=\"letter-spacing: 0.3px; background-color: rgba(0, 0, 0, 0);\">Selon le contexte, vous pouvez \u00e9galement<\/span><\/p>\n<p>&#8211; s&rsquo;opposer au traitement de vos donn\u00e9es, les faire rectifier ou les supprimer ;<\/p>\n<p>&#8211; demander la limitation du traitement de vos donn\u00e9es et\/ou la portabilit\u00e9 des donn\u00e9es.<\/p>\n<p>Lorsque vous avez donn\u00e9 votre consentement au traitement par nos soins, vous avez le droit de le retirer \u00e0 tout moment.<\/p>\n<p><i>Comment exercer vos droits ?<br \/><\/i><span style=\"letter-spacing: 0.3px; background-color: rgba(0, 0, 0, 0);\">Conform\u00e9ment au R\u00e8glement g\u00e9n\u00e9ral sur la protection des donn\u00e9es et \u00e0 la loi Informatique et Libert\u00e9s, vous pouvez acc\u00e9der \u00e0 vos donn\u00e9es personnelles et\/ou en obtenir une copie.<\/span><\/p>\n<p>Vous pouvez exercer vos droits \u00e0 tout moment en nous contactant :<\/p>\n<p>&#8211; par courrier \u00e9lectronique \u00e0 l&rsquo;adresse suivante : contact@grandtour.art<\/p>\n<p>&#8211; en utilisant ce formulaire de contact<\/p>\n<p>&#8211; par courrier \u00e0 l&rsquo;adresse suivante<\/p>\n<p>Grand Tour<\/p>\n<p>Grand Tour 123 RUE DE TURENNE<\/p>\n<p>75003 PARIS France<\/p>\n<p>Pour des raisons de s\u00e9curit\u00e9, vous devez prouver votre identit\u00e9 (par exemple en fournissant votre nom, votre pr\u00e9nom, votre num\u00e9ro de client, votre adresse postale ou \u00e9lectronique). Le cas \u00e9ch\u00e9ant, il peut vous \u00eatre demand\u00e9 de fournir une pi\u00e8ce d&rsquo;identit\u00e9 valide. <br \/><span style=\"letter-spacing: 0.3px; background-color: rgba(0, 0, 0, 0);\">Si, apr\u00e8s nous avoir contact\u00e9s, vous estimez que vos droits concernant vos donn\u00e9es n&rsquo;ont pas \u00e9t\u00e9 respect\u00e9s, vous pouvez introduire une plainte aupr\u00e8s de la CNIL.<\/span><\/p>\n<p>Selon le contexte, vous pouvez \u00e9galement<\/p>\n<p>&#8211; s&rsquo;opposer au traitement de vos donn\u00e9es, les faire rectifier ou les supprimer ;<\/p>\n<p>&#8211; demander la limitation du traitement de vos donn\u00e9es et\/ou la portabilit\u00e9 des donn\u00e9es.<\/p>\n<p>Lorsque vous avez donn\u00e9 votre consentement au traitement par nos soins, vous avez le droit de le retirer \u00e0 tout moment.<\/p>\n<p><i><br \/><\/i><\/p>\n<p><i>Mise \u00e0 jour de cette politique<\/i><\/p>\n<p>Nous modifions cette politique de confidentialit\u00e9 de temps \u00e0 autre. En cas de modifications importantes, nous publierons un avis bien visible sur le site web. <\/p>\n<p><span style=\"letter-spacing: 0.3px; background-color: rgba(0, 0, 0, 0);\">Nous vous invitons \u00e0 relire cette politique de temps \u00e0 autre.<\/span><\/p><\/p>\n<\/div><\/div><\/div><\/div><\/div>\n","protected":false},"excerpt":{"rendered":"","protected":false},"author":1,"featured_media":0,"parent":0,"menu_order":0,"comment_status":"closed","ping_status":"closed","template":"100-width.php","meta":{"footnotes":""},"class_list":["post-741","page","type-page","status-publish","hentry"],"yoast_head":"<!-- This site is optimized with the Yoast SEO plugin v27.6 - https:\/\/yoast.com\/product\/yoast-seo-wordpress\/ -->\n<title>Mentions L\u00e9gales - GrandTour<\/title>\n<meta name=\"robots\" content=\"index, follow, max-snippet:-1, max-image-preview:large, max-video-preview:-1\" \/>\n<link rel=\"canonical\" href=\"https:\/\/grandtour.art\/fr\/mentions-legales\/\" \/>\n<meta property=\"og:locale\" content=\"fr_FR\" \/>\n<meta property=\"og:type\" content=\"article\" \/>\n<meta property=\"og:title\" content=\"Mentions L\u00e9gales - GrandTour\" \/>\n<meta property=\"og:url\" content=\"https:\/\/grandtour.art\/fr\/mentions-legales\/\" \/>\n<meta property=\"og:site_name\" content=\"GrandTour\" \/>\n<meta property=\"article:modified_time\" content=\"2025-07-02T12:07:56+00:00\" \/>\n<meta name=\"twitter:card\" content=\"summary_large_image\" \/>\n<meta name=\"twitter:label1\" content=\"Dur\u00e9e de lecture estim\u00e9e\" \/>\n\t<meta name=\"twitter:data1\" content=\"8 minutes\" \/>\n<script type=\"application\/ld+json\" class=\"yoast-schema-graph\">{\"@context\":\"https:\\\/\\\/schema.org\",\"@graph\":[{\"@type\":\"WebPage\",\"@id\":\"https:\\\/\\\/grandtour.art\\\/fr\\\/mentions-legales\\\/\",\"url\":\"https:\\\/\\\/grandtour.art\\\/fr\\\/mentions-legales\\\/\",\"name\":\"Mentions L\u00e9gales - GrandTour\",\"isPartOf\":{\"@id\":\"https:\\\/\\\/grandtour.art\\\/#website\"},\"datePublished\":\"2025-06-24T07:34:56+00:00\",\"dateModified\":\"2025-07-02T12:07:56+00:00\",\"breadcrumb\":{\"@id\":\"https:\\\/\\\/grandtour.art\\\/fr\\\/mentions-legales\\\/#breadcrumb\"},\"inLanguage\":\"fr-FR\",\"potentialAction\":[{\"@type\":\"ReadAction\",\"target\":[\"https:\\\/\\\/grandtour.art\\\/fr\\\/mentions-legales\\\/\"]}]},{\"@type\":\"BreadcrumbList\",\"@id\":\"https:\\\/\\\/grandtour.art\\\/fr\\\/mentions-legales\\\/#breadcrumb\",\"itemListElement\":[{\"@type\":\"ListItem\",\"position\":1,\"name\":\"Home\",\"item\":\"https:\\\/\\\/grandtour.art\\\/fr\\\/\"},{\"@type\":\"ListItem\",\"position\":2,\"name\":\"Mentions L\u00e9gales\"}]},{\"@type\":\"WebSite\",\"@id\":\"https:\\\/\\\/grandtour.art\\\/#website\",\"url\":\"https:\\\/\\\/grandtour.art\\\/\",\"name\":\"GrandTour\",\"description\":\"\",\"potentialAction\":[{\"@type\":\"SearchAction\",\"target\":{\"@type\":\"EntryPoint\",\"urlTemplate\":\"https:\\\/\\\/grandtour.art\\\/?s={search_term_string}\"},\"query-input\":{\"@type\":\"PropertyValueSpecification\",\"valueRequired\":true,\"valueName\":\"search_term_string\"}}],\"inLanguage\":\"fr-FR\"}]}<\/script>\n<!-- \/ Yoast SEO plugin. -->","yoast_head_json":{"title":"Mentions L\u00e9gales - GrandTour","robots":{"index":"index","follow":"follow","max-snippet":"max-snippet:-1","max-image-preview":"max-image-preview:large","max-video-preview":"max-video-preview:-1"},"canonical":"https:\/\/grandtour.art\/fr\/mentions-legales\/","og_locale":"fr_FR","og_type":"article","og_title":"Mentions L\u00e9gales - GrandTour","og_url":"https:\/\/grandtour.art\/fr\/mentions-legales\/","og_site_name":"GrandTour","article_modified_time":"2025-07-02T12:07:56+00:00","twitter_card":"summary_large_image","twitter_misc":{"Dur\u00e9e de lecture estim\u00e9e":"8 minutes"},"schema":{"@context":"https:\/\/schema.org","@graph":[{"@type":"WebPage","@id":"https:\/\/grandtour.art\/fr\/mentions-legales\/","url":"https:\/\/grandtour.art\/fr\/mentions-legales\/","name":"Mentions L\u00e9gales - GrandTour","isPartOf":{"@id":"https:\/\/grandtour.art\/#website"},"datePublished":"2025-06-24T07:34:56+00:00","dateModified":"2025-07-02T12:07:56+00:00","breadcrumb":{"@id":"https:\/\/grandtour.art\/fr\/mentions-legales\/#breadcrumb"},"inLanguage":"fr-FR","potentialAction":[{"@type":"ReadAction","target":["https:\/\/grandtour.art\/fr\/mentions-legales\/"]}]},{"@type":"BreadcrumbList","@id":"https:\/\/grandtour.art\/fr\/mentions-legales\/#breadcrumb","itemListElement":[{"@type":"ListItem","position":1,"name":"Home","item":"https:\/\/grandtour.art\/fr\/"},{"@type":"ListItem","position":2,"name":"Mentions L\u00e9gales"}]},{"@type":"WebSite","@id":"https:\/\/grandtour.art\/#website","url":"https:\/\/grandtour.art\/","name":"GrandTour","description":"","potentialAction":[{"@type":"SearchAction","target":{"@type":"EntryPoint","urlTemplate":"https:\/\/grandtour.art\/?s={search_term_string}"},"query-input":{"@type":"PropertyValueSpecification","valueRequired":true,"valueName":"search_term_string"}}],"inLanguage":"fr-FR"}]}},"_links":{"self":[{"href":"https:\/\/grandtour.art\/fr\/wp-json\/wp\/v2\/pages\/741","targetHints":{"allow":["GET"]}}],"collection":[{"href":"https:\/\/grandtour.art\/fr\/wp-json\/wp\/v2\/pages"}],"about":[{"href":"https:\/\/grandtour.art\/fr\/wp-json\/wp\/v2\/types\/page"}],"author":[{"embeddable":true,"href":"https:\/\/grandtour.art\/fr\/wp-json\/wp\/v2\/users\/1"}],"replies":[{"embeddable":true,"href":"https:\/\/grandtour.art\/fr\/wp-json\/wp\/v2\/comments?post=741"}],"version-history":[{"count":5,"href":"https:\/\/grandtour.art\/fr\/wp-json\/wp\/v2\/pages\/741\/revisions"}],"predecessor-version":[{"id":816,"href":"https:\/\/grandtour.art\/fr\/wp-json\/wp\/v2\/pages\/741\/revisions\/816"}],"wp:attachment":[{"href":"https:\/\/grandtour.art\/fr\/wp-json\/wp\/v2\/media?parent=741"}],"curies":[{"name":"wp","href":"https:\/\/api.w.org\/{rel}","templated":true}]}}