{"id":761,"date":"2025-07-02T10:19:14","date_gmt":"2025-07-02T08:19:14","guid":{"rendered":"https:\/\/grandtour.art\/formes-vivantes\/"},"modified":"2025-12-15T17:13:39","modified_gmt":"2025-12-15T15:13:39","slug":"formes-vivantes","status":"publish","type":"page","link":"https:\/\/grandtour.art\/fr\/formes-vivantes\/","title":{"rendered":"Formes Vivantes"},"content":{"rendered":"<div class=\"fusion-fullwidth fullwidth-box fusion-builder-row-1 fusion-flex-container has-pattern-background has-mask-background nonhundred-percent-fullwidth non-hundred-percent-height-scrolling\" style=\"--awb-border-radius-top-left:0px;--awb-border-radius-top-right:0px;--awb-border-radius-bottom-right:0px;--awb-border-radius-bottom-left:0px;--awb-padding-right:70px;--awb-padding-left:70px;--awb-padding-right-small:25px;--awb-padding-left-small:25px;--awb-margin-top:0px;--awb-min-height:85vh;--awb-flex-wrap:wrap;\" ><div class=\"fusion-builder-row fusion-row fusion-flex-align-items-flex-start fusion-flex-align-content-center fusion-flex-content-wrap\" style=\"max-width:1248px;margin-left: calc(-4% \/ 2 );margin-right: calc(-4% \/ 2 );\"><div class=\"fusion-layout-column fusion_builder_column fusion-builder-column-0 fusion_builder_column_1_1 1_1 fusion-flex-column\" style=\"--awb-padding-top:80px;--awb-padding-top-small:120px;--awb-padding-right-small:15px;--awb-bg-size:cover;--awb-width-large:100%;--awb-margin-top-large:0px;--awb-spacing-right-large:1.92%;--awb-margin-bottom-large:0px;--awb-spacing-left-large:1.92%;--awb-width-medium:100%;--awb-order-medium:0;--awb-spacing-right-medium:1.92%;--awb-spacing-left-medium:1.92%;--awb-width-small:100%;--awb-order-small:0;--awb-spacing-right-small:1.92%;--awb-spacing-left-small:1.92%;\"><div class=\"fusion-column-wrapper fusion-column-has-shadow fusion-flex-justify-content-flex-start fusion-content-layout-column\"><div class=\"fusion-text fusion-text-1 fusion-text-no-margin\" style=\"--awb-font-size:20px;--awb-letter-spacing:0.3px;--awb-margin-bottom:20px;--awb-text-font-family:&quot;akzidenz grotesk&quot;;--awb-text-font-style:normal;--awb-text-font-weight:400;\"><p class=\"p1\">Formes Vivantes <br \/>03.07-26.07<\/p>\n<\/div><div class=\"fusion-title title fusion-title-1 fusion-sep-none fusion-title-text fusion-title-size-one\" style=\"--awb-margin-top-small:10px;--awb-margin-right-small:0px;--awb-margin-bottom-small:10px;--awb-margin-left-small:0px;--awb-font-size:20px;\"><h1 class=\"fusion-title-heading title-heading-left fusion-responsive-typography-calculated\" style=\"font-family:&quot;akzidenz grotesk&quot;;font-style:normal;font-weight:400;margin:0;letter-spacing:0.3px;font-size:1em;--fontSize:20;line-height:var(--awb-typography1-line-height);\"><\/h1><\/div><div class=\"fusion-text fusion-text-2 fusion-text-no-margin\" style=\"--awb-font-size:20px;--awb-letter-spacing:0px;--awb-margin-bottom:20px;--awb-text-font-family:&quot;akzidenz grotesk&quot;;--awb-text-font-style:normal;--awb-text-font-weight:400;\"><p class=\"p1\">Une exposition conjointe d&rsquo;Am\u00e9lie Caussade et d&rsquo;Antonin Detemple. <br \/>Grand Tour est situ\u00e9 au 123, rue de Turenne, Paris 3 et est ouvert du mardi au samedi de 11h \u00e0 18h.<\/p>\n<\/div><div class=\"fusion-image-element \" style=\"--awb-margin-top:0px;--awb-margin-bottom:0px;--awb-max-width:700px;--awb-caption-title-font-family:var(--h2_typography-font-family);--awb-caption-title-font-weight:var(--h2_typography-font-weight);--awb-caption-title-font-style:var(--h2_typography-font-style);--awb-caption-title-size:var(--h2_typography-font-size);--awb-caption-title-transform:var(--h2_typography-text-transform);--awb-caption-title-line-height:var(--h2_typography-line-height);--awb-caption-title-letter-spacing:var(--h2_typography-letter-spacing);\"><span class=\" fusion-imageframe imageframe-none imageframe-1 hover-type-none\"><img decoding=\"async\" width=\"1920\" height=\"1077\" title=\"PERFORMANCE 3\" src=\"https:\/\/grandtour.art\/wp-content\/uploads\/2025\/07\/PERFORMANCE-3.jpg\" data-orig-src=\"https:\/\/grandtour.art\/wp-content\/uploads\/2025\/07\/PERFORMANCE-3.jpg\" alt class=\"lazyload img-responsive wp-image-783\" srcset=\"data:image\/svg+xml,%3Csvg%20xmlns%3D%27http%3A%2F%2Fwww.w3.org%2F2000%2Fsvg%27%20width%3D%271920%27%20height%3D%271077%27%20viewBox%3D%270%200%201920%201077%27%3E%3Crect%20width%3D%271920%27%20height%3D%271077%27%20fill-opacity%3D%220%22%2F%3E%3C%2Fsvg%3E\" data-srcset=\"https:\/\/grandtour.art\/wp-content\/uploads\/2025\/07\/PERFORMANCE-3-200x112.jpg 200w, https:\/\/grandtour.art\/wp-content\/uploads\/2025\/07\/PERFORMANCE-3-400x224.jpg 400w, https:\/\/grandtour.art\/wp-content\/uploads\/2025\/07\/PERFORMANCE-3-600x337.jpg 600w, https:\/\/grandtour.art\/wp-content\/uploads\/2025\/07\/PERFORMANCE-3-800x449.jpg 800w, https:\/\/grandtour.art\/wp-content\/uploads\/2025\/07\/PERFORMANCE-3-1200x673.jpg 1200w, https:\/\/grandtour.art\/wp-content\/uploads\/2025\/07\/PERFORMANCE-3.jpg 1920w\" data-sizes=\"auto\" data-orig-sizes=\"(max-width: 640px) 100vw, 1200px\" \/><\/span><\/div><div class=\"fusion-text fusion-text-3 fusion-text-no-margin\" style=\"--awb-font-size:20px;--awb-letter-spacing:0.3px;--awb-margin-top:20px;--awb-margin-bottom:20px;--awb-text-font-family:&quot;akzidenz grotesk&quot;;--awb-text-font-style:normal;--awb-text-font-weight:400;\"><p class=\"p1\">Am\u00e9lie Caussade<br \/>Antonin Detemple<\/p>\n<\/div><div class=\"fusion-text fusion-text-4 fusion-text-no-margin\" style=\"--awb-font-size:20px;--awb-letter-spacing:0.3px;--awb-margin-right:40PX;--awb-margin-bottom:20px;--awb-text-font-family:&quot;akzidenz grotesk&quot;;--awb-text-font-style:normal;--awb-text-font-weight:400;\"><p>Chor\u00e9graphie du vivant et r\u00e9cits en mouvement<\/p>\n<p>Sous ce titre \u00e9voquant le rituel et la m\u00e9tamorphose, Forme Vivantes r\u00e9unit les pratiques d\u2019Am\u00e9lie Caussade et d\u2019Antonin Detemple autour d\u2019un m\u00eame souffle : celui du vivant, de la mati\u00e8re et des r\u00e9cits invisibles qui traversent notre \u00e9poque. Leurs oeuvres dialoguent comme deux corps en mouvement, explorant les liens entre formes ancestrales, gestes contemporains et alt\u00e9rit\u00e9s sensibles. <\/p>\n<p>Chez Am\u00e9lie Caussade, la forme du X devient matrice plastique, symbole fondamental du vivant. Carrefour entre le corps, l\u2019espace et le cosmos, elle structure sculptures, tissages et installations. Travaillant le gypse, mati\u00e8re recyclable, douce et lumineuse, dans une temporalit\u00e9 lente et consciente, l\u2019artiste \u00e9labore une v\u00e9ritable \u00e9cologie du geste. Chaque pli, chaque tension devient un langage, une respiration. Cette figure du X, entre science, m\u00e9moire et danse, \u00e9voque autant les chromosomes que les axes du monde : une \u00e9criture mouvante, une faille dans notre perception du r\u00e9el.    <\/p>\n<p>Antonin Detemple, quant \u00e0 lui, explore notre place au sein du vivant \u00e0 travers des installations hybrides m\u00ealant plantes spontan\u00e9es, lumi\u00e8re artificielle, archives biologiques et r\u00e9cits sp\u00e9culatifs.<\/p>\n<\/div><div class=\"fusion-image-element \" style=\"--awb-margin-top:0px;--awb-margin-bottom:20px;--awb-max-width:400px;--awb-caption-title-font-family:var(--h2_typography-font-family);--awb-caption-title-font-weight:var(--h2_typography-font-weight);--awb-caption-title-font-style:var(--h2_typography-font-style);--awb-caption-title-size:var(--h2_typography-font-size);--awb-caption-title-transform:var(--h2_typography-text-transform);--awb-caption-title-line-height:var(--h2_typography-line-height);--awb-caption-title-letter-spacing:var(--h2_typography-letter-spacing);\"><span class=\" fusion-imageframe imageframe-none imageframe-2 hover-type-none\"><img decoding=\"async\" width=\"1920\" height=\"2399\" title=\"Ward 2, 2024, Caissons lumineux. bois, verre fume\u0301, me\u0301tal, plantes, lumie\u0300re. 159 x 64,5 x 20,5 cm\" src=\"https:\/\/grandtour.art\/wp-content\/uploads\/2025\/07\/Ward-2-2024-Caissons-lumineux.-bois-verre-fume-metal-plantes-lumiere.-159-x-645-x-205-cm.jpg\" data-orig-src=\"https:\/\/grandtour.art\/wp-content\/uploads\/2025\/07\/Ward-2-2024-Caissons-lumineux.-bois-verre-fume-metal-plantes-lumiere.-159-x-645-x-205-cm.jpg\" alt class=\"lazyload img-responsive wp-image-785\" srcset=\"data:image\/svg+xml,%3Csvg%20xmlns%3D%27http%3A%2F%2Fwww.w3.org%2F2000%2Fsvg%27%20width%3D%271920%27%20height%3D%272399%27%20viewBox%3D%270%200%201920%202399%27%3E%3Crect%20width%3D%271920%27%20height%3D%272399%27%20fill-opacity%3D%220%22%2F%3E%3C%2Fsvg%3E\" data-srcset=\"https:\/\/grandtour.art\/wp-content\/uploads\/2025\/07\/Ward-2-2024-Caissons-lumineux.-bois-verre-fume-metal-plantes-lumiere.-159-x-645-x-205-cm-200x250.jpg 200w, https:\/\/grandtour.art\/wp-content\/uploads\/2025\/07\/Ward-2-2024-Caissons-lumineux.-bois-verre-fume-metal-plantes-lumiere.-159-x-645-x-205-cm-400x500.jpg 400w, https:\/\/grandtour.art\/wp-content\/uploads\/2025\/07\/Ward-2-2024-Caissons-lumineux.-bois-verre-fume-metal-plantes-lumiere.-159-x-645-x-205-cm-600x750.jpg 600w, https:\/\/grandtour.art\/wp-content\/uploads\/2025\/07\/Ward-2-2024-Caissons-lumineux.-bois-verre-fume-metal-plantes-lumiere.-159-x-645-x-205-cm-800x1000.jpg 800w, https:\/\/grandtour.art\/wp-content\/uploads\/2025\/07\/Ward-2-2024-Caissons-lumineux.-bois-verre-fume-metal-plantes-lumiere.-159-x-645-x-205-cm-1200x1499.jpg 1200w, https:\/\/grandtour.art\/wp-content\/uploads\/2025\/07\/Ward-2-2024-Caissons-lumineux.-bois-verre-fume-metal-plantes-lumiere.-159-x-645-x-205-cm.jpg 1920w\" data-sizes=\"auto\" data-orig-sizes=\"(max-width: 640px) 100vw, 1200px\" \/><\/span><\/div><div class=\"fusion-text fusion-text-5 fusion-text-no-margin\" style=\"--awb-font-size:20px;--awb-letter-spacing:0.3px;--awb-margin-right:40PX;--awb-margin-bottom:20px;--awb-text-font-family:&quot;akzidenz grotesk&quot;;--awb-text-font-style:normal;--awb-text-font-weight:400;\"><p>Inspir\u00e9 par la pens\u00e9e de Baptiste Morizot dans Mani\u00e8res d\u2019\u00eatre vivant, il interroge les formes d\u2019interd\u00e9pendance invisibles et les liens que nous entretenons, ou que nous avons perdus, avec le monde non-humain.<\/p>\n<p>Ses \u0153uvres tracent une arch\u00e9ologie du futur : un monde o\u00f9 les plantes migrent, o\u00f9 les mati\u00e8res dialoguent, o\u00f9 la m\u00e9moire \u00e9cologique se r\u00e9g\u00e9n\u00e8re dans la fiction.<\/p>\n<p>Tous deux brouillent les fronti\u00e8res entre art et nature, science et po\u00e9sie, h\u00e9ritage et invention. Leurs \u0153uvres dessinent une cartographie sensible de notre pr\u00e9sent. En prise avec les tensions de l\u2019Anthropoc\u00e8ne, Formes Vivantes esquisse une intuition f\u00e9conde : que l\u2019art, en tant qu\u2019espace d\u2019attention et d\u2019\u00e9coute, peut encore r\u00e9enchanter notre lien au vivant.  <\/p>\n<p><br data-start=\"362\" data-end=\"365\">&#8211; Manon Canto<\/p>\n<\/div><div class=\"fusion-image-element \" style=\"--awb-margin-top:-30px;--awb-margin-bottom:0px;--awb-max-width:500px;--awb-caption-title-font-family:var(--h2_typography-font-family);--awb-caption-title-font-weight:var(--h2_typography-font-weight);--awb-caption-title-font-style:var(--h2_typography-font-style);--awb-caption-title-size:var(--h2_typography-font-size);--awb-caption-title-transform:var(--h2_typography-text-transform);--awb-caption-title-line-height:var(--h2_typography-line-height);--awb-caption-title-letter-spacing:var(--h2_typography-letter-spacing);\"><span class=\" fusion-imageframe imageframe-none imageframe-3 hover-type-none\" style=\"z-index:-2;\"><img decoding=\"async\" width=\"2053\" height=\"1716\" title=\"VITRINE-SUR-PIEDS-2-scaled\" src=\"https:\/\/grandtour.art\/wp-content\/uploads\/2025\/07\/VITRINE-SUR-PIEDS-2-scaled-1.jpg\" data-orig-src=\"https:\/\/grandtour.art\/wp-content\/uploads\/2025\/07\/VITRINE-SUR-PIEDS-2-scaled-1.jpg\" alt class=\"lazyload img-responsive wp-image-789\" srcset=\"data:image\/svg+xml,%3Csvg%20xmlns%3D%27http%3A%2F%2Fwww.w3.org%2F2000%2Fsvg%27%20width%3D%272053%27%20height%3D%271716%27%20viewBox%3D%270%200%202053%201716%27%3E%3Crect%20width%3D%272053%27%20height%3D%271716%27%20fill-opacity%3D%220%22%2F%3E%3C%2Fsvg%3E\" data-srcset=\"https:\/\/grandtour.art\/wp-content\/uploads\/2025\/07\/VITRINE-SUR-PIEDS-2-scaled-1-200x167.jpg 200w, https:\/\/grandtour.art\/wp-content\/uploads\/2025\/07\/VITRINE-SUR-PIEDS-2-scaled-1-400x334.jpg 400w, https:\/\/grandtour.art\/wp-content\/uploads\/2025\/07\/VITRINE-SUR-PIEDS-2-scaled-1-600x502.jpg 600w, https:\/\/grandtour.art\/wp-content\/uploads\/2025\/07\/VITRINE-SUR-PIEDS-2-scaled-1-800x669.jpg 800w, https:\/\/grandtour.art\/wp-content\/uploads\/2025\/07\/VITRINE-SUR-PIEDS-2-scaled-1-1200x1003.jpg 1200w, https:\/\/grandtour.art\/wp-content\/uploads\/2025\/07\/VITRINE-SUR-PIEDS-2-scaled-1.jpg 2053w\" data-sizes=\"auto\" data-orig-sizes=\"(max-width: 640px) 100vw, 1200px\" \/><\/span><\/div><\/div><\/div><\/div><\/div>\n","protected":false},"excerpt":{"rendered":"","protected":false},"author":1,"featured_media":0,"parent":0,"menu_order":0,"comment_status":"closed","ping_status":"open","template":"100-width.php","meta":{"footnotes":""},"class_list":["post-761","page","type-page","status-publish","hentry"],"yoast_head":"<!-- This site is optimized with the Yoast SEO plugin v27.5 - https:\/\/yoast.com\/product\/yoast-seo-wordpress\/ -->\n<title>Formes Vivantes - GrandTour<\/title>\n<meta name=\"robots\" content=\"index, follow, max-snippet:-1, max-image-preview:large, max-video-preview:-1\" \/>\n<link rel=\"canonical\" href=\"https:\/\/grandtour.art\/fr\/formes-vivantes\/\" \/>\n<meta property=\"og:locale\" content=\"fr_FR\" \/>\n<meta property=\"og:type\" content=\"article\" \/>\n<meta property=\"og:title\" content=\"Formes Vivantes - GrandTour\" \/>\n<meta property=\"og:url\" content=\"https:\/\/grandtour.art\/fr\/formes-vivantes\/\" \/>\n<meta property=\"og:site_name\" content=\"GrandTour\" \/>\n<meta property=\"article:modified_time\" content=\"2025-12-15T15:13:39+00:00\" \/>\n<meta name=\"twitter:card\" content=\"summary_large_image\" \/>\n<meta name=\"twitter:label1\" content=\"Dur\u00e9e de lecture estim\u00e9e\" \/>\n\t<meta name=\"twitter:data1\" content=\"8 minutes\" \/>\n<script type=\"application\/ld+json\" class=\"yoast-schema-graph\">{\"@context\":\"https:\\\/\\\/schema.org\",\"@graph\":[{\"@type\":\"WebPage\",\"@id\":\"https:\\\/\\\/grandtour.art\\\/fr\\\/formes-vivantes\\\/\",\"url\":\"https:\\\/\\\/grandtour.art\\\/fr\\\/formes-vivantes\\\/\",\"name\":\"Formes Vivantes - GrandTour\",\"isPartOf\":{\"@id\":\"https:\\\/\\\/grandtour.art\\\/#website\"},\"datePublished\":\"2025-07-02T08:19:14+00:00\",\"dateModified\":\"2025-12-15T15:13:39+00:00\",\"breadcrumb\":{\"@id\":\"https:\\\/\\\/grandtour.art\\\/fr\\\/formes-vivantes\\\/#breadcrumb\"},\"inLanguage\":\"fr-FR\",\"potentialAction\":[{\"@type\":\"ReadAction\",\"target\":[\"https:\\\/\\\/grandtour.art\\\/fr\\\/formes-vivantes\\\/\"]}]},{\"@type\":\"BreadcrumbList\",\"@id\":\"https:\\\/\\\/grandtour.art\\\/fr\\\/formes-vivantes\\\/#breadcrumb\",\"itemListElement\":[{\"@type\":\"ListItem\",\"position\":1,\"name\":\"Home\",\"item\":\"https:\\\/\\\/grandtour.art\\\/fr\\\/\"},{\"@type\":\"ListItem\",\"position\":2,\"name\":\"Formes Vivantes\"}]},{\"@type\":\"WebSite\",\"@id\":\"https:\\\/\\\/grandtour.art\\\/#website\",\"url\":\"https:\\\/\\\/grandtour.art\\\/\",\"name\":\"GrandTour\",\"description\":\"\",\"potentialAction\":[{\"@type\":\"SearchAction\",\"target\":{\"@type\":\"EntryPoint\",\"urlTemplate\":\"https:\\\/\\\/grandtour.art\\\/?s={search_term_string}\"},\"query-input\":{\"@type\":\"PropertyValueSpecification\",\"valueRequired\":true,\"valueName\":\"search_term_string\"}}],\"inLanguage\":\"fr-FR\"}]}<\/script>\n<!-- \/ Yoast SEO plugin. -->","yoast_head_json":{"title":"Formes Vivantes - GrandTour","robots":{"index":"index","follow":"follow","max-snippet":"max-snippet:-1","max-image-preview":"max-image-preview:large","max-video-preview":"max-video-preview:-1"},"canonical":"https:\/\/grandtour.art\/fr\/formes-vivantes\/","og_locale":"fr_FR","og_type":"article","og_title":"Formes Vivantes - GrandTour","og_url":"https:\/\/grandtour.art\/fr\/formes-vivantes\/","og_site_name":"GrandTour","article_modified_time":"2025-12-15T15:13:39+00:00","twitter_card":"summary_large_image","twitter_misc":{"Dur\u00e9e de lecture estim\u00e9e":"8 minutes"},"schema":{"@context":"https:\/\/schema.org","@graph":[{"@type":"WebPage","@id":"https:\/\/grandtour.art\/fr\/formes-vivantes\/","url":"https:\/\/grandtour.art\/fr\/formes-vivantes\/","name":"Formes Vivantes - GrandTour","isPartOf":{"@id":"https:\/\/grandtour.art\/#website"},"datePublished":"2025-07-02T08:19:14+00:00","dateModified":"2025-12-15T15:13:39+00:00","breadcrumb":{"@id":"https:\/\/grandtour.art\/fr\/formes-vivantes\/#breadcrumb"},"inLanguage":"fr-FR","potentialAction":[{"@type":"ReadAction","target":["https:\/\/grandtour.art\/fr\/formes-vivantes\/"]}]},{"@type":"BreadcrumbList","@id":"https:\/\/grandtour.art\/fr\/formes-vivantes\/#breadcrumb","itemListElement":[{"@type":"ListItem","position":1,"name":"Home","item":"https:\/\/grandtour.art\/fr\/"},{"@type":"ListItem","position":2,"name":"Formes Vivantes"}]},{"@type":"WebSite","@id":"https:\/\/grandtour.art\/#website","url":"https:\/\/grandtour.art\/","name":"GrandTour","description":"","potentialAction":[{"@type":"SearchAction","target":{"@type":"EntryPoint","urlTemplate":"https:\/\/grandtour.art\/?s={search_term_string}"},"query-input":{"@type":"PropertyValueSpecification","valueRequired":true,"valueName":"search_term_string"}}],"inLanguage":"fr-FR"}]}},"_links":{"self":[{"href":"https:\/\/grandtour.art\/fr\/wp-json\/wp\/v2\/pages\/761","targetHints":{"allow":["GET"]}}],"collection":[{"href":"https:\/\/grandtour.art\/fr\/wp-json\/wp\/v2\/pages"}],"about":[{"href":"https:\/\/grandtour.art\/fr\/wp-json\/wp\/v2\/types\/page"}],"author":[{"embeddable":true,"href":"https:\/\/grandtour.art\/fr\/wp-json\/wp\/v2\/users\/1"}],"replies":[{"embeddable":true,"href":"https:\/\/grandtour.art\/fr\/wp-json\/wp\/v2\/comments?post=761"}],"version-history":[{"count":8,"href":"https:\/\/grandtour.art\/fr\/wp-json\/wp\/v2\/pages\/761\/revisions"}],"predecessor-version":[{"id":1146,"href":"https:\/\/grandtour.art\/fr\/wp-json\/wp\/v2\/pages\/761\/revisions\/1146"}],"wp:attachment":[{"href":"https:\/\/grandtour.art\/fr\/wp-json\/wp\/v2\/media?parent=761"}],"curies":[{"name":"wp","href":"https:\/\/api.w.org\/{rel}","templated":true}]}}