{"id":886,"date":"2025-09-03T10:19:03","date_gmt":"2025-09-03T08:19:03","guid":{"rendered":"https:\/\/grandtour.art\/?page_id=886"},"modified":"2025-12-15T17:14:10","modified_gmt":"2025-12-15T15:14:10","slug":"interieurs","status":"publish","type":"page","link":"https:\/\/grandtour.art\/fr\/interieurs\/","title":{"rendered":"Interieurs"},"content":{"rendered":"<div class=\"fusion-fullwidth fullwidth-box fusion-builder-row-1 fusion-flex-container has-pattern-background has-mask-background nonhundred-percent-fullwidth non-hundred-percent-height-scrolling\" style=\"--awb-border-radius-top-left:0px;--awb-border-radius-top-right:0px;--awb-border-radius-bottom-right:0px;--awb-border-radius-bottom-left:0px;--awb-padding-right:70px;--awb-padding-left:70px;--awb-padding-right-small:25px;--awb-padding-left-small:25px;--awb-margin-top:0px;--awb-min-height:85vh;--awb-flex-wrap:wrap;\" ><div class=\"fusion-builder-row fusion-row fusion-flex-align-items-flex-start fusion-flex-align-content-center fusion-flex-content-wrap\" style=\"max-width:1248px;margin-left: calc(-4% \/ 2 );margin-right: calc(-4% \/ 2 );\"><div class=\"fusion-layout-column fusion_builder_column fusion-builder-column-0 fusion_builder_column_1_1 1_1 fusion-flex-column\" style=\"--awb-padding-top:80px;--awb-padding-top-small:120px;--awb-padding-right-small:15px;--awb-bg-size:cover;--awb-width-large:100%;--awb-margin-top-large:0px;--awb-spacing-right-large:1.92%;--awb-margin-bottom-large:0px;--awb-spacing-left-large:1.92%;--awb-width-medium:100%;--awb-order-medium:0;--awb-spacing-right-medium:1.92%;--awb-spacing-left-medium:1.92%;--awb-width-small:100%;--awb-order-small:0;--awb-spacing-right-small:1.92%;--awb-spacing-left-small:1.92%;\"><div class=\"fusion-column-wrapper fusion-column-has-shadow fusion-flex-justify-content-flex-start fusion-content-layout-column\"><div class=\"fusion-text fusion-text-1 fusion-text-no-margin\" style=\"--awb-font-size:20px;--awb-letter-spacing:0.3px;--awb-margin-bottom:20px;--awb-text-font-family:&quot;akzidenz grotesk&quot;;--awb-text-font-style:normal;--awb-text-font-weight:400;\"><p class=\"p1\">Int\u00e9rieurs<br \/>\n04.09-24.09<\/p>\n<\/div><div class=\"fusion-title title fusion-title-1 fusion-sep-none fusion-title-text fusion-title-size-one\" style=\"--awb-margin-top-small:10px;--awb-margin-right-small:0px;--awb-margin-bottom-small:10px;--awb-margin-left-small:0px;--awb-font-size:20px;\"><h1 class=\"fusion-title-heading title-heading-left fusion-responsive-typography-calculated\" style=\"font-family:&quot;akzidenz grotesk&quot;;font-style:normal;font-weight:400;margin:0;letter-spacing:0.3px;font-size:1em;--fontSize:20;line-height:var(--awb-typography1-line-height);\"><\/h1><\/div><div class=\"fusion-text fusion-text-2 fusion-text-no-margin\" style=\"--awb-font-size:20px;--awb-letter-spacing:0px;--awb-margin-bottom:20px;--awb-text-font-family:&quot;akzidenz grotesk&quot;;--awb-text-font-style:normal;--awb-text-font-weight:400;\"><p class=\"p1\">Une exposition conjointe avec ColAAb.<br \/>\nGrand Tour est situ\u00e9 au 123, rue de Turenne, Paris 3 et est ouvert du mardi au samedi de 11h \u00e0 18h.<\/p>\n<\/div><div class=\"fusion-image-element \" style=\"--awb-margin-top:0px;--awb-margin-bottom:0px;--awb-max-width:700px;--awb-caption-title-font-family:var(--h2_typography-font-family);--awb-caption-title-font-weight:var(--h2_typography-font-weight);--awb-caption-title-font-style:var(--h2_typography-font-style);--awb-caption-title-size:var(--h2_typography-font-size);--awb-caption-title-transform:var(--h2_typography-text-transform);--awb-caption-title-line-height:var(--h2_typography-line-height);--awb-caption-title-letter-spacing:var(--h2_typography-letter-spacing);\"><span class=\" fusion-imageframe imageframe-none imageframe-1 hover-type-none\"><img decoding=\"async\" width=\"2000\" height=\"1334\" title=\"Grand Tour-1733 &#8211; HD\" src=\"https:\/\/grandtour.art\/wp-content\/uploads\/2025\/10\/Grand-Tour-1733-HD.jpg\" data-orig-src=\"https:\/\/grandtour.art\/wp-content\/uploads\/2025\/10\/Grand-Tour-1733-HD.jpg\" alt class=\"lazyload img-responsive wp-image-934\" srcset=\"data:image\/svg+xml,%3Csvg%20xmlns%3D%27http%3A%2F%2Fwww.w3.org%2F2000%2Fsvg%27%20width%3D%272000%27%20height%3D%271334%27%20viewBox%3D%270%200%202000%201334%27%3E%3Crect%20width%3D%272000%27%20height%3D%271334%27%20fill-opacity%3D%220%22%2F%3E%3C%2Fsvg%3E\" data-srcset=\"https:\/\/grandtour.art\/wp-content\/uploads\/2025\/10\/Grand-Tour-1733-HD-200x133.jpg 200w, https:\/\/grandtour.art\/wp-content\/uploads\/2025\/10\/Grand-Tour-1733-HD-400x267.jpg 400w, https:\/\/grandtour.art\/wp-content\/uploads\/2025\/10\/Grand-Tour-1733-HD-600x400.jpg 600w, https:\/\/grandtour.art\/wp-content\/uploads\/2025\/10\/Grand-Tour-1733-HD-800x534.jpg 800w, https:\/\/grandtour.art\/wp-content\/uploads\/2025\/10\/Grand-Tour-1733-HD-1200x800.jpg 1200w, https:\/\/grandtour.art\/wp-content\/uploads\/2025\/10\/Grand-Tour-1733-HD.jpg 2000w\" data-sizes=\"auto\" data-orig-sizes=\"(max-width: 640px) 100vw, 1200px\" \/><\/span><\/div><div class=\"fusion-text fusion-text-3 fusion-text-no-margin\" style=\"--awb-font-size:20px;--awb-line-height:1.8;--awb-letter-spacing:0.3px;--awb-margin-top:20px;--awb-margin-bottom:20px;--awb-text-font-family:&quot;akzidenz grotesk&quot;;--awb-text-font-style:normal;--awb-text-font-weight:400;\"><p class=\"p1\">ColAAb<br \/>\nUne fiction \u00e0 habiter<\/p>\n<\/div><div class=\"fusion-text fusion-text-4 fusion-text-no-margin\" style=\"--awb-font-size:20px;--awb-letter-spacing:0.3px;--awb-margin-right:40PX;--awb-margin-bottom:20px;--awb-text-font-family:&quot;akzidenz grotesk&quot;;--awb-text-font-style:normal;--awb-text-font-weight:400;\"><p>En plein c\u0153ur de Paris Design Week, ColAAb et Grand Tour vous invitent \u00e0 prolonger l\u2019exp\u00e9rience d\u2019un appartement imagin\u00e9 comme une travers\u00e9e artistique.<br \/>\nUn lieu \u00e0 part. Hors temps. Hors cadre.<\/p>\n<p>Chaque espace r\u00e9v\u00e8le une tension fertile entre forme et fonction.<br \/>\nEntre mati\u00e8re pens\u00e9e et mati\u00e8re v\u00e9cue.<\/p>\n<p>Les pi\u00e8ces sculpturales et \u0153uvres fonctionnelles de Nicolas Delprat, mounir fatmi, Sara Favriau, Vincent Lamouroux, Angelika Markul, Nicolas Momein, RU Xiao Fan et Morgane Tschiember y dialoguent librement \u2014 dans une sc\u00e9nographie poreuse, mouvante, travers\u00e9e de r\u00e9cits, de textures, de pr\u00e9sences.<br \/>\nEn r\u00e9sonance, la Galerie Boketto pr\u00e9sente une s\u00e9lection de mobiliers vintage (canap\u00e9s et fauteuils) devenus ic\u00f4nes.<\/p>\n<p>Les Beaux-Arts de Paris \u00c9ditions ouvrent un espace de r\u00e9flexion avec une s\u00e9lection d\u2019ouvrages, entre critique, art et pens\u00e9e contemporaine.<\/p>\n<p>D\u2019autres acteurs viennent enrichir cette cartographie sensible :<br \/>\nLes galeries Ceysson &amp; B\u00e9n\u00e9ti\u00e8re, Dilecta, Eva Albarran &amp; Co, Maubert s\u2019inscrivent dans l\u2019appartement \u00e9largi, en complicit\u00e9 avec l\u2019esprit du lieu.<\/p>\n<p>Le studio Profile By propose une approche olfactive in\u00e9dite, o\u00f9 les artistes deviennent aussi cr\u00e9ateurs d\u2019\u00e9motions invisibles.<\/p>\n<p>Deux rendez-vous ponctuent le parcours :<br \/>\n\u2192 Le 16 septembre, une lecture po\u00e9tique par H\u00e9l\u00e8ne Revay et Sonia Pavlik<br \/>\n\u2192 Le 17 septembre, une performance de Yann Toma, entre lumi\u00e8re, geste et activation symbolique.<\/p>\n<p>INT\u00c9RIEURS, c\u2019est un espace d\u2019\u00e9coute et de regard.<br \/>\nUn territoire \u00e0 arpenter. Un lieu de pens\u00e9e habitable.<\/p>\n<\/div><div class=\"fusion-image-element \" style=\"--awb-margin-top:0px;--awb-margin-bottom:20px;--awb-max-width:700px;--awb-caption-title-font-family:var(--h2_typography-font-family);--awb-caption-title-font-weight:var(--h2_typography-font-weight);--awb-caption-title-font-style:var(--h2_typography-font-style);--awb-caption-title-size:var(--h2_typography-font-size);--awb-caption-title-transform:var(--h2_typography-text-transform);--awb-caption-title-line-height:var(--h2_typography-line-height);--awb-caption-title-letter-spacing:var(--h2_typography-letter-spacing);\"><span class=\" fusion-imageframe imageframe-none imageframe-2 hover-type-none\"><img decoding=\"async\" width=\"2000\" height=\"1334\" title=\"Grand Tour-1506 &#8211; HD\" src=\"https:\/\/grandtour.art\/wp-content\/uploads\/2025\/10\/Grand-Tour-1506-HD.jpg\" data-orig-src=\"https:\/\/grandtour.art\/wp-content\/uploads\/2025\/10\/Grand-Tour-1506-HD.jpg\" alt class=\"lazyload img-responsive wp-image-932\" srcset=\"data:image\/svg+xml,%3Csvg%20xmlns%3D%27http%3A%2F%2Fwww.w3.org%2F2000%2Fsvg%27%20width%3D%272000%27%20height%3D%271334%27%20viewBox%3D%270%200%202000%201334%27%3E%3Crect%20width%3D%272000%27%20height%3D%271334%27%20fill-opacity%3D%220%22%2F%3E%3C%2Fsvg%3E\" data-srcset=\"https:\/\/grandtour.art\/wp-content\/uploads\/2025\/10\/Grand-Tour-1506-HD-200x133.jpg 200w, https:\/\/grandtour.art\/wp-content\/uploads\/2025\/10\/Grand-Tour-1506-HD-400x267.jpg 400w, https:\/\/grandtour.art\/wp-content\/uploads\/2025\/10\/Grand-Tour-1506-HD-600x400.jpg 600w, https:\/\/grandtour.art\/wp-content\/uploads\/2025\/10\/Grand-Tour-1506-HD-800x534.jpg 800w, https:\/\/grandtour.art\/wp-content\/uploads\/2025\/10\/Grand-Tour-1506-HD-1200x800.jpg 1200w, https:\/\/grandtour.art\/wp-content\/uploads\/2025\/10\/Grand-Tour-1506-HD.jpg 2000w\" data-sizes=\"auto\" data-orig-sizes=\"(max-width: 640px) 100vw, 1200px\" \/><\/span><\/div><\/div><\/div><\/div><\/div>\n","protected":false},"excerpt":{"rendered":"","protected":false},"author":1,"featured_media":0,"parent":0,"menu_order":0,"comment_status":"closed","ping_status":"open","template":"100-width.php","meta":{"footnotes":""},"class_list":["post-886","page","type-page","status-publish","hentry"],"yoast_head":"<!-- This site is optimized with the Yoast SEO plugin v27.6 - https:\/\/yoast.com\/product\/yoast-seo-wordpress\/ -->\n<title>Interieurs - GrandTour<\/title>\n<meta name=\"robots\" content=\"index, follow, max-snippet:-1, max-image-preview:large, max-video-preview:-1\" \/>\n<link rel=\"canonical\" href=\"https:\/\/grandtour.art\/fr\/interieurs\/\" \/>\n<meta property=\"og:locale\" content=\"fr_FR\" \/>\n<meta property=\"og:type\" content=\"article\" \/>\n<meta property=\"og:title\" content=\"Interieurs - GrandTour\" \/>\n<meta property=\"og:url\" content=\"https:\/\/grandtour.art\/fr\/interieurs\/\" \/>\n<meta property=\"og:site_name\" content=\"GrandTour\" \/>\n<meta property=\"article:modified_time\" content=\"2025-12-15T15:14:10+00:00\" \/>\n<meta name=\"twitter:card\" content=\"summary_large_image\" \/>\n<meta name=\"twitter:label1\" content=\"Dur\u00e9e de lecture estim\u00e9e\" \/>\n\t<meta name=\"twitter:data1\" content=\"2 minutes\" \/>\n<script type=\"application\/ld+json\" class=\"yoast-schema-graph\">{\"@context\":\"https:\\\/\\\/schema.org\",\"@graph\":[{\"@type\":\"WebPage\",\"@id\":\"https:\\\/\\\/grandtour.art\\\/fr\\\/interieurs\\\/\",\"url\":\"https:\\\/\\\/grandtour.art\\\/fr\\\/interieurs\\\/\",\"name\":\"Interieurs - GrandTour\",\"isPartOf\":{\"@id\":\"https:\\\/\\\/grandtour.art\\\/#website\"},\"datePublished\":\"2025-09-03T08:19:03+00:00\",\"dateModified\":\"2025-12-15T15:14:10+00:00\",\"breadcrumb\":{\"@id\":\"https:\\\/\\\/grandtour.art\\\/fr\\\/interieurs\\\/#breadcrumb\"},\"inLanguage\":\"fr-FR\",\"potentialAction\":[{\"@type\":\"ReadAction\",\"target\":[\"https:\\\/\\\/grandtour.art\\\/fr\\\/interieurs\\\/\"]}]},{\"@type\":\"BreadcrumbList\",\"@id\":\"https:\\\/\\\/grandtour.art\\\/fr\\\/interieurs\\\/#breadcrumb\",\"itemListElement\":[{\"@type\":\"ListItem\",\"position\":1,\"name\":\"Home\",\"item\":\"https:\\\/\\\/grandtour.art\\\/fr\\\/\"},{\"@type\":\"ListItem\",\"position\":2,\"name\":\"Interieurs\"}]},{\"@type\":\"WebSite\",\"@id\":\"https:\\\/\\\/grandtour.art\\\/#website\",\"url\":\"https:\\\/\\\/grandtour.art\\\/\",\"name\":\"GrandTour\",\"description\":\"\",\"potentialAction\":[{\"@type\":\"SearchAction\",\"target\":{\"@type\":\"EntryPoint\",\"urlTemplate\":\"https:\\\/\\\/grandtour.art\\\/?s={search_term_string}\"},\"query-input\":{\"@type\":\"PropertyValueSpecification\",\"valueRequired\":true,\"valueName\":\"search_term_string\"}}],\"inLanguage\":\"fr-FR\"}]}<\/script>\n<!-- \/ Yoast SEO plugin. -->","yoast_head_json":{"title":"Interieurs - GrandTour","robots":{"index":"index","follow":"follow","max-snippet":"max-snippet:-1","max-image-preview":"max-image-preview:large","max-video-preview":"max-video-preview:-1"},"canonical":"https:\/\/grandtour.art\/fr\/interieurs\/","og_locale":"fr_FR","og_type":"article","og_title":"Interieurs - GrandTour","og_url":"https:\/\/grandtour.art\/fr\/interieurs\/","og_site_name":"GrandTour","article_modified_time":"2025-12-15T15:14:10+00:00","twitter_card":"summary_large_image","twitter_misc":{"Dur\u00e9e de lecture estim\u00e9e":"2 minutes"},"schema":{"@context":"https:\/\/schema.org","@graph":[{"@type":"WebPage","@id":"https:\/\/grandtour.art\/fr\/interieurs\/","url":"https:\/\/grandtour.art\/fr\/interieurs\/","name":"Interieurs - GrandTour","isPartOf":{"@id":"https:\/\/grandtour.art\/#website"},"datePublished":"2025-09-03T08:19:03+00:00","dateModified":"2025-12-15T15:14:10+00:00","breadcrumb":{"@id":"https:\/\/grandtour.art\/fr\/interieurs\/#breadcrumb"},"inLanguage":"fr-FR","potentialAction":[{"@type":"ReadAction","target":["https:\/\/grandtour.art\/fr\/interieurs\/"]}]},{"@type":"BreadcrumbList","@id":"https:\/\/grandtour.art\/fr\/interieurs\/#breadcrumb","itemListElement":[{"@type":"ListItem","position":1,"name":"Home","item":"https:\/\/grandtour.art\/fr\/"},{"@type":"ListItem","position":2,"name":"Interieurs"}]},{"@type":"WebSite","@id":"https:\/\/grandtour.art\/#website","url":"https:\/\/grandtour.art\/","name":"GrandTour","description":"","potentialAction":[{"@type":"SearchAction","target":{"@type":"EntryPoint","urlTemplate":"https:\/\/grandtour.art\/?s={search_term_string}"},"query-input":{"@type":"PropertyValueSpecification","valueRequired":true,"valueName":"search_term_string"}}],"inLanguage":"fr-FR"}]}},"_links":{"self":[{"href":"https:\/\/grandtour.art\/fr\/wp-json\/wp\/v2\/pages\/886","targetHints":{"allow":["GET"]}}],"collection":[{"href":"https:\/\/grandtour.art\/fr\/wp-json\/wp\/v2\/pages"}],"about":[{"href":"https:\/\/grandtour.art\/fr\/wp-json\/wp\/v2\/types\/page"}],"author":[{"embeddable":true,"href":"https:\/\/grandtour.art\/fr\/wp-json\/wp\/v2\/users\/1"}],"replies":[{"embeddable":true,"href":"https:\/\/grandtour.art\/fr\/wp-json\/wp\/v2\/comments?post=886"}],"version-history":[{"count":6,"href":"https:\/\/grandtour.art\/fr\/wp-json\/wp\/v2\/pages\/886\/revisions"}],"predecessor-version":[{"id":1149,"href":"https:\/\/grandtour.art\/fr\/wp-json\/wp\/v2\/pages\/886\/revisions\/1149"}],"wp:attachment":[{"href":"https:\/\/grandtour.art\/fr\/wp-json\/wp\/v2\/media?parent=886"}],"curies":[{"name":"wp","href":"https:\/\/api.w.org\/{rel}","templated":true}]}}