{"id":952,"date":"2025-10-09T17:00:37","date_gmt":"2025-10-09T15:00:37","guid":{"rendered":"https:\/\/grandtour.art\/?page_id=952"},"modified":"2025-12-15T17:14:48","modified_gmt":"2025-12-15T15:14:48","slug":"roberto-plate","status":"publish","type":"page","link":"https:\/\/grandtour.art\/fr\/roberto-plate\/","title":{"rendered":"Roberto Plat\u00e9"},"content":{"rendered":"<div class=\"fusion-fullwidth fullwidth-box fusion-builder-row-1 fusion-flex-container has-pattern-background has-mask-background nonhundred-percent-fullwidth non-hundred-percent-height-scrolling\" style=\"--awb-border-radius-top-left:0px;--awb-border-radius-top-right:0px;--awb-border-radius-bottom-right:0px;--awb-border-radius-bottom-left:0px;--awb-flex-wrap:wrap;\" ><div class=\"fusion-builder-row fusion-row fusion-flex-align-items-flex-start fusion-flex-content-wrap\" style=\"max-width:1248px;margin-left: calc(-4% \/ 2 );margin-right: calc(-4% \/ 2 );\"><div class=\"fusion-layout-column fusion_builder_column fusion-builder-column-0 fusion_builder_column_1_1 1_1 fusion-flex-column\" style=\"--awb-padding-top:80px;--awb-padding-top-small:120px;--awb-padding-right-small:15px;--awb-bg-size:cover;--awb-width-large:100%;--awb-margin-top-large:0px;--awb-spacing-right-large:1.92%;--awb-margin-bottom-large:0px;--awb-spacing-left-large:1.92%;--awb-width-medium:100%;--awb-order-medium:0;--awb-spacing-right-medium:1.92%;--awb-spacing-left-medium:1.92%;--awb-width-small:100%;--awb-order-small:0;--awb-spacing-right-small:1.92%;--awb-spacing-left-small:1.92%;\"><div class=\"fusion-column-wrapper fusion-column-has-shadow fusion-flex-justify-content-flex-start fusion-content-layout-column\"><div class=\"fusion-text fusion-text-1 fusion-text-no-margin\" style=\"--awb-content-alignment:left;--awb-font-size:20px;--awb-letter-spacing:0.3px;--awb-margin-bottom:20px;--awb-text-font-family:&quot;akzidenz grotesk&quot;;--awb-text-font-style:normal;--awb-text-font-weight:400;\"><p class=\"p1\">18.10.25 | 16.11.25<\/p>\n<\/div><div class=\"fusion-title title fusion-title-1 fusion-sep-none fusion-title-text fusion-title-size-one\" style=\"--awb-margin-top-small:10px;--awb-margin-right-small:0px;--awb-margin-bottom-small:10px;--awb-margin-left-small:0px;--awb-font-size:20px;\"><h1 class=\"fusion-title-heading title-heading-left fusion-responsive-typography-calculated\" style=\"font-family:&quot;akzidenz grotesk&quot;;font-style:normal;font-weight:400;margin:0;letter-spacing:0.3px;font-size:1em;--fontSize:20;line-height:var(--awb-typography1-line-height);\">Roberto Plat\u00e9 | 1990 &#8211; 2000<\/h1><\/div><div class=\"fusion-text fusion-text-2 fusion-text-no-margin\" style=\"--awb-font-size:20px;--awb-letter-spacing:0px;--awb-margin-bottom:20px;--awb-text-font-family:&quot;akzidenz grotesk&quot;;--awb-text-font-style:normal;--awb-text-font-weight:400;\"><p>N\u00e9 \u00e0 Buenos Aires en 1940, form\u00e9 \u00e0 l\u2019Acad\u00e9mie des Beaux-Arts de Munich, Roberto Plat\u00e9 \u00e9merge dans les ann\u00e9es 1960 au sein de l\u2019Instituto Di Tella, v\u00e9ritable laboratoire de l\u2019avant-garde argentine. En 1968, son installation Los Ba\u00f1os, censur\u00e9e par la dictature militaire, l\u2019am\u00e8ne \u00e0 quitter l\u2019Argentine. Arriv\u00e9 \u00e0 Paris avec le collectif TSE \u2013 Th\u00e9\u00e2tre Sans Explication, qu\u2019il a co-fond\u00e9 avec Alfredo Arias, il d\u00e9veloppe d\u00e8s lors un travail \u00e0 la crois\u00e9e de la peinture, de l\u2019installation et de la sc\u00e9nographie.<\/p>\n<p>Dans l\u2019intimit\u00e9 de l\u2019atelier, loin des plateaux de th\u00e9\u00e2tre et d\u2019op\u00e9ra o\u00f9 il signe plus d\u2019une centaine de sc\u00e9nographies pour les plus grandes sc\u00e8nes internationales, Plat\u00e9 tisse une oeuvre picturale singuli\u00e8re, dont la force r\u00e9side dans un jeu subtil entre figuration et abstraction.<\/p>\n<\/div><div class=\"fusion-image-element \" style=\"--awb-margin-top:0px;--awb-margin-bottom:40px;--awb-max-width:700px;--awb-caption-title-font-family:var(--h2_typography-font-family);--awb-caption-title-font-weight:var(--h2_typography-font-weight);--awb-caption-title-font-style:var(--h2_typography-font-style);--awb-caption-title-size:var(--h2_typography-font-size);--awb-caption-title-transform:var(--h2_typography-text-transform);--awb-caption-title-line-height:var(--h2_typography-line-height);--awb-caption-title-letter-spacing:var(--h2_typography-letter-spacing);\"><span class=\" fusion-imageframe imageframe-none imageframe-1 hover-type-none\"><img decoding=\"async\" width=\"1479\" height=\"1247\" title=\"39HR\" src=\"https:\/\/grandtour.art\/wp-content\/uploads\/2025\/10\/39HR.jpg\" data-orig-src=\"https:\/\/grandtour.art\/wp-content\/uploads\/2025\/10\/39HR.jpg\" alt class=\"lazyload img-responsive wp-image-940\" srcset=\"data:image\/svg+xml,%3Csvg%20xmlns%3D%27http%3A%2F%2Fwww.w3.org%2F2000%2Fsvg%27%20width%3D%271479%27%20height%3D%271247%27%20viewBox%3D%270%200%201479%201247%27%3E%3Crect%20width%3D%271479%27%20height%3D%271247%27%20fill-opacity%3D%220%22%2F%3E%3C%2Fsvg%3E\" data-srcset=\"https:\/\/grandtour.art\/wp-content\/uploads\/2025\/10\/39HR-200x169.jpg 200w, https:\/\/grandtour.art\/wp-content\/uploads\/2025\/10\/39HR-400x337.jpg 400w, https:\/\/grandtour.art\/wp-content\/uploads\/2025\/10\/39HR-600x506.jpg 600w, https:\/\/grandtour.art\/wp-content\/uploads\/2025\/10\/39HR-800x675.jpg 800w, https:\/\/grandtour.art\/wp-content\/uploads\/2025\/10\/39HR-1200x1012.jpg 1200w, https:\/\/grandtour.art\/wp-content\/uploads\/2025\/10\/39HR.jpg 1479w\" data-sizes=\"auto\" data-orig-sizes=\"(max-width: 640px) 100vw, 1200px\" \/><\/span><\/div><div class=\"fusion-text fusion-text-3 fusion-text-no-margin\" style=\"--awb-font-size:20px;--awb-letter-spacing:0.3px;--awb-margin-right:40PX;--awb-margin-bottom:20px;--awb-text-font-family:&quot;akzidenz grotesk&quot;;--awb-text-font-style:normal;--awb-text-font-weight:400;\"><p>L\u2019exposition r\u00e9unit un ensemble de toiles des ann\u00e9es 1990 \u00e0 2000, p\u00e9riode charni\u00e8re o\u00f9 l\u2019artiste, install\u00e9 depuis longtemps \u00e0 Paris, affirme sa libert\u00e9 picturale. Ces oeuvres portent la marque d\u2019un dialogue constant avec la sc\u00e9nographie : cadrages audacieux, silhouettes d\u00e9coup\u00e9es comme sur une sc\u00e8ne, reflets et jeux de perspective qui rappellent son g\u00e9nie du trompe-l\u2019oeil. Le peintre nous invite \u00e0 p\u00e9n\u00e9trer son univers comme on entrerait dans un d\u00e9cor, o\u00f9 chaque couleur devient un acteur, chaque geste une mise en mouvement.<\/p>\n<p>Les colonnes, motif r\u00e9current, structurent l\u2019espace de son atelier comme les piliers d\u2019une architecture spirituelle. Elles renvoient \u00e0 une verticalit\u00e9 \u00e0 la fois picturale et int\u00e9rieure, \u00e9cho discret \u00e0 sa pratique du soufisme, o\u00f9 la couleur a une dimension symbolique et vibratoire. Mais c\u2019est avant tout la peinture qui prime : aplats lumineux, contrastes intenses, rythmes chromatiques. Plat\u00e9 est un coloriste conscient, qui travaille la mati\u00e8re avec une \u00e9nergie donnant \u00e0 ses toiles une \u00e9tonnante vitalit\u00e9.<\/p>\n<p>Les silhouettes \u2013 qu\u2019elles soient des ombres color\u00e9es ou des autoportraits voil\u00e9s \u2013 conf\u00e8rent \u00e0 ces peintures une pr\u00e9sence imm\u00e9diate. Ce sont des figures de passage, des apparitions, des fragments de sc\u00e8nes quotidiennes. Dans certaines s\u00e9ries, l\u2019\u00e9loge du corps et de la sensualit\u00e9 affleure, entre pudeur et intensit\u00e9. Le spectateur devient t\u00e9moin d\u2019un moment suspendu.<\/p>\n<p>Peintre de l\u2019atelier et de la mati\u00e8re, Plat\u00e9 donne \u00e0 voir l\u2019acte de cr\u00e9ation lui-m\u00eame : objets familiers, outils, son propre corps au travail se transforment en fragments d\u2019un r\u00e9cit silencieux. Les textures sont riches, les couleurs profondes, la composition pens\u00e9e comme une partition visuelle, entre rigueur et libert\u00e9.<\/p>\n<\/div><div class=\"fusion-image-element \" style=\"--awb-margin-top:0px;--awb-margin-bottom:40px;--awb-max-width:400px;--awb-caption-title-font-family:var(--h2_typography-font-family);--awb-caption-title-font-weight:var(--h2_typography-font-weight);--awb-caption-title-font-style:var(--h2_typography-font-style);--awb-caption-title-size:var(--h2_typography-font-size);--awb-caption-title-transform:var(--h2_typography-text-transform);--awb-caption-title-line-height:var(--h2_typography-line-height);--awb-caption-title-letter-spacing:var(--h2_typography-letter-spacing);\"><span class=\" fusion-imageframe imageframe-none imageframe-2 hover-type-none\"><img decoding=\"async\" width=\"1593\" height=\"1384\" title=\"19HR\" src=\"https:\/\/grandtour.art\/wp-content\/uploads\/2025\/10\/19HR.jpg\" data-orig-src=\"https:\/\/grandtour.art\/wp-content\/uploads\/2025\/10\/19HR.jpg\" alt class=\"lazyload img-responsive wp-image-942\" srcset=\"data:image\/svg+xml,%3Csvg%20xmlns%3D%27http%3A%2F%2Fwww.w3.org%2F2000%2Fsvg%27%20width%3D%271593%27%20height%3D%271384%27%20viewBox%3D%270%200%201593%201384%27%3E%3Crect%20width%3D%271593%27%20height%3D%271384%27%20fill-opacity%3D%220%22%2F%3E%3C%2Fsvg%3E\" data-srcset=\"https:\/\/grandtour.art\/wp-content\/uploads\/2025\/10\/19HR-200x174.jpg 200w, https:\/\/grandtour.art\/wp-content\/uploads\/2025\/10\/19HR-400x348.jpg 400w, https:\/\/grandtour.art\/wp-content\/uploads\/2025\/10\/19HR-600x521.jpg 600w, https:\/\/grandtour.art\/wp-content\/uploads\/2025\/10\/19HR-800x695.jpg 800w, https:\/\/grandtour.art\/wp-content\/uploads\/2025\/10\/19HR-1200x1043.jpg 1200w, https:\/\/grandtour.art\/wp-content\/uploads\/2025\/10\/19HR.jpg 1593w\" data-sizes=\"auto\" data-orig-sizes=\"(max-width: 640px) 100vw, 1200px\" \/><\/span><\/div><div class=\"fusion-text fusion-text-4\" style=\"--awb-font-size:20px;--awb-letter-spacing:0.3px;--awb-margin-right:40PX;--awb-text-font-family:&quot;akzidenz grotesk&quot;;--awb-text-font-style:normal;--awb-text-font-weight:400;\"><p><cite>\u00ab Pour la peinture, je ressens un immense respect et amour. Elle existe par elle-m\u00eame et est le produit d\u2019un travail solitaire qui me permet d\u2019\u00eatre avec moi-m\u00eame. [\u2026] Elle m\u2019int\u00e9resse car elle me permet de me manifester comme contemporain dans mon \u00e9poque : elle est le \u201cventre\u201d de la cr\u00e9ation. \u00bb R.P. 1987<\/cite><br \/>\nInstall\u00e9 \u00e0 Paris depuis plus de cinquante ans, Roberto Plat\u00e9 poursuit une oeuvre exigeante et sensible, travers\u00e9e par les grandes questions de l\u2019art : l\u2019espace, le geste, la couleur, le regard. Sa conviction reste intacte :<\/p>\n<p><cite>\u00ab Avec fiert\u00e9 je me consid\u00e8re peintre. Je crois que c\u2019est la base de la matrice. De l\u00e0 je peux faire une sc\u00e9nographie, mais le contraire n\u2019est pas possible. \u00bb R.P. 1997<\/cite><br \/>\nRoberto Plat\u00e9 1990\u20132000 est ainsi une immersion dans la peinture comme acte essentiel, o\u00f9 le d\u00e9cor devient intime, les couleurs pr\u00e9sences, et o\u00f9 le spectateur est invit\u00e9 \u00e0 entrer dans le champ vibrant d\u2019un peintre pour qui chaque toile est une sc\u00e8ne habit\u00e9e.<\/p>\n<p>\u2013 Anna La Fonta<\/p>\n<\/div><div class=\"fusion-image-element \" style=\"--awb-margin-top:20px;--awb-margin-bottom:0px;--awb-max-width:500px;--awb-caption-title-font-family:var(--h2_typography-font-family);--awb-caption-title-font-weight:var(--h2_typography-font-weight);--awb-caption-title-font-style:var(--h2_typography-font-style);--awb-caption-title-size:var(--h2_typography-font-size);--awb-caption-title-transform:var(--h2_typography-text-transform);--awb-caption-title-line-height:var(--h2_typography-line-height);--awb-caption-title-letter-spacing:var(--h2_typography-letter-spacing);\"><span class=\" fusion-imageframe imageframe-none imageframe-3 hover-type-none\" style=\"z-index:-2;\"><img decoding=\"async\" width=\"1760\" height=\"1352\" title=\"15HR\" src=\"https:\/\/grandtour.art\/wp-content\/uploads\/2025\/10\/15HR.jpg\" data-orig-src=\"https:\/\/grandtour.art\/wp-content\/uploads\/2025\/10\/15HR.jpg\" alt class=\"lazyload img-responsive wp-image-944\" srcset=\"data:image\/svg+xml,%3Csvg%20xmlns%3D%27http%3A%2F%2Fwww.w3.org%2F2000%2Fsvg%27%20width%3D%271760%27%20height%3D%271352%27%20viewBox%3D%270%200%201760%201352%27%3E%3Crect%20width%3D%271760%27%20height%3D%271352%27%20fill-opacity%3D%220%22%2F%3E%3C%2Fsvg%3E\" data-srcset=\"https:\/\/grandtour.art\/wp-content\/uploads\/2025\/10\/15HR-200x154.jpg 200w, https:\/\/grandtour.art\/wp-content\/uploads\/2025\/10\/15HR-400x307.jpg 400w, https:\/\/grandtour.art\/wp-content\/uploads\/2025\/10\/15HR-600x461.jpg 600w, https:\/\/grandtour.art\/wp-content\/uploads\/2025\/10\/15HR-800x615.jpg 800w, https:\/\/grandtour.art\/wp-content\/uploads\/2025\/10\/15HR-1200x922.jpg 1200w, https:\/\/grandtour.art\/wp-content\/uploads\/2025\/10\/15HR.jpg 1760w\" data-sizes=\"auto\" data-orig-sizes=\"(max-width: 640px) 100vw, 1200px\" \/><\/span><\/div><\/div><\/div><\/div><\/div>\n","protected":false},"excerpt":{"rendered":"","protected":false},"author":1,"featured_media":0,"parent":0,"menu_order":0,"comment_status":"closed","ping_status":"closed","template":"100-width.php","meta":{"footnotes":""},"class_list":["post-952","page","type-page","status-publish","hentry"],"yoast_head":"<!-- This site is optimized with the Yoast SEO plugin v27.6 - https:\/\/yoast.com\/product\/yoast-seo-wordpress\/ -->\n<title>Roberto Plat\u00e9 - GrandTour<\/title>\n<meta name=\"robots\" content=\"index, follow, max-snippet:-1, max-image-preview:large, max-video-preview:-1\" \/>\n<link rel=\"canonical\" href=\"https:\/\/grandtour.art\/fr\/roberto-plate\/\" \/>\n<meta property=\"og:locale\" content=\"fr_FR\" \/>\n<meta property=\"og:type\" content=\"article\" \/>\n<meta property=\"og:title\" content=\"Roberto Plat\u00e9 - GrandTour\" \/>\n<meta property=\"og:url\" content=\"https:\/\/grandtour.art\/fr\/roberto-plate\/\" \/>\n<meta property=\"og:site_name\" content=\"GrandTour\" \/>\n<meta property=\"article:modified_time\" content=\"2025-12-15T15:14:48+00:00\" \/>\n<meta name=\"twitter:card\" content=\"summary_large_image\" \/>\n<meta name=\"twitter:label1\" content=\"Dur\u00e9e de lecture estim\u00e9e\" \/>\n\t<meta name=\"twitter:data1\" content=\"3 minutes\" \/>\n<script type=\"application\/ld+json\" class=\"yoast-schema-graph\">{\"@context\":\"https:\\\/\\\/schema.org\",\"@graph\":[{\"@type\":\"WebPage\",\"@id\":\"https:\\\/\\\/grandtour.art\\\/fr\\\/roberto-plate\\\/\",\"url\":\"https:\\\/\\\/grandtour.art\\\/fr\\\/roberto-plate\\\/\",\"name\":\"Roberto Plat\u00e9 - GrandTour\",\"isPartOf\":{\"@id\":\"https:\\\/\\\/grandtour.art\\\/#website\"},\"datePublished\":\"2025-10-09T15:00:37+00:00\",\"dateModified\":\"2025-12-15T15:14:48+00:00\",\"breadcrumb\":{\"@id\":\"https:\\\/\\\/grandtour.art\\\/fr\\\/roberto-plate\\\/#breadcrumb\"},\"inLanguage\":\"fr-FR\",\"potentialAction\":[{\"@type\":\"ReadAction\",\"target\":[\"https:\\\/\\\/grandtour.art\\\/fr\\\/roberto-plate\\\/\"]}]},{\"@type\":\"BreadcrumbList\",\"@id\":\"https:\\\/\\\/grandtour.art\\\/fr\\\/roberto-plate\\\/#breadcrumb\",\"itemListElement\":[{\"@type\":\"ListItem\",\"position\":1,\"name\":\"Home\",\"item\":\"https:\\\/\\\/grandtour.art\\\/fr\\\/\"},{\"@type\":\"ListItem\",\"position\":2,\"name\":\"Roberto Plat\u00e9\"}]},{\"@type\":\"WebSite\",\"@id\":\"https:\\\/\\\/grandtour.art\\\/#website\",\"url\":\"https:\\\/\\\/grandtour.art\\\/\",\"name\":\"GrandTour\",\"description\":\"\",\"potentialAction\":[{\"@type\":\"SearchAction\",\"target\":{\"@type\":\"EntryPoint\",\"urlTemplate\":\"https:\\\/\\\/grandtour.art\\\/?s={search_term_string}\"},\"query-input\":{\"@type\":\"PropertyValueSpecification\",\"valueRequired\":true,\"valueName\":\"search_term_string\"}}],\"inLanguage\":\"fr-FR\"}]}<\/script>\n<!-- \/ Yoast SEO plugin. -->","yoast_head_json":{"title":"Roberto Plat\u00e9 - GrandTour","robots":{"index":"index","follow":"follow","max-snippet":"max-snippet:-1","max-image-preview":"max-image-preview:large","max-video-preview":"max-video-preview:-1"},"canonical":"https:\/\/grandtour.art\/fr\/roberto-plate\/","og_locale":"fr_FR","og_type":"article","og_title":"Roberto Plat\u00e9 - GrandTour","og_url":"https:\/\/grandtour.art\/fr\/roberto-plate\/","og_site_name":"GrandTour","article_modified_time":"2025-12-15T15:14:48+00:00","twitter_card":"summary_large_image","twitter_misc":{"Dur\u00e9e de lecture estim\u00e9e":"3 minutes"},"schema":{"@context":"https:\/\/schema.org","@graph":[{"@type":"WebPage","@id":"https:\/\/grandtour.art\/fr\/roberto-plate\/","url":"https:\/\/grandtour.art\/fr\/roberto-plate\/","name":"Roberto Plat\u00e9 - GrandTour","isPartOf":{"@id":"https:\/\/grandtour.art\/#website"},"datePublished":"2025-10-09T15:00:37+00:00","dateModified":"2025-12-15T15:14:48+00:00","breadcrumb":{"@id":"https:\/\/grandtour.art\/fr\/roberto-plate\/#breadcrumb"},"inLanguage":"fr-FR","potentialAction":[{"@type":"ReadAction","target":["https:\/\/grandtour.art\/fr\/roberto-plate\/"]}]},{"@type":"BreadcrumbList","@id":"https:\/\/grandtour.art\/fr\/roberto-plate\/#breadcrumb","itemListElement":[{"@type":"ListItem","position":1,"name":"Home","item":"https:\/\/grandtour.art\/fr\/"},{"@type":"ListItem","position":2,"name":"Roberto Plat\u00e9"}]},{"@type":"WebSite","@id":"https:\/\/grandtour.art\/#website","url":"https:\/\/grandtour.art\/","name":"GrandTour","description":"","potentialAction":[{"@type":"SearchAction","target":{"@type":"EntryPoint","urlTemplate":"https:\/\/grandtour.art\/?s={search_term_string}"},"query-input":{"@type":"PropertyValueSpecification","valueRequired":true,"valueName":"search_term_string"}}],"inLanguage":"fr-FR"}]}},"_links":{"self":[{"href":"https:\/\/grandtour.art\/fr\/wp-json\/wp\/v2\/pages\/952","targetHints":{"allow":["GET"]}}],"collection":[{"href":"https:\/\/grandtour.art\/fr\/wp-json\/wp\/v2\/pages"}],"about":[{"href":"https:\/\/grandtour.art\/fr\/wp-json\/wp\/v2\/types\/page"}],"author":[{"embeddable":true,"href":"https:\/\/grandtour.art\/fr\/wp-json\/wp\/v2\/users\/1"}],"replies":[{"embeddable":true,"href":"https:\/\/grandtour.art\/fr\/wp-json\/wp\/v2\/comments?post=952"}],"version-history":[{"count":5,"href":"https:\/\/grandtour.art\/fr\/wp-json\/wp\/v2\/pages\/952\/revisions"}],"predecessor-version":[{"id":1151,"href":"https:\/\/grandtour.art\/fr\/wp-json\/wp\/v2\/pages\/952\/revisions\/1151"}],"wp:attachment":[{"href":"https:\/\/grandtour.art\/fr\/wp-json\/wp\/v2\/media?parent=952"}],"curies":[{"name":"wp","href":"https:\/\/api.w.org\/{rel}","templated":true}]}}